{"id":27012,"date":"2021-02-09T14:05:51","date_gmt":"2021-02-09T13:05:51","guid":{"rendered":"https:\/\/laforneria.cat\/catering\/quiche-de-pernil-i-formatge\/"},"modified":"2023-04-20T13:46:35","modified_gmt":"2023-04-20T11:46:35","slug":"quiche-de-pernil-i-formatge","status":"publish","type":"product","link":"https:\/\/laforneria.cat\/ca\/producto\/quiche-de-pernil-i-formatge\/","title":{"rendered":"QUICHE DE PERNIL DOL\u00c7 I FORMATGE (SENCERA)"},"content":{"rendered":"<p>Pasta brisa a base d&#8217;ou, llet, mantega farina, farcida de pernil dol\u00e7, formatge ratllat, pebre, ou, sal, llet i f\u00e8cula de patata.<\/p>\n<p>Ve servit en una safata de cartr\u00f3 i embolicat amb paper per protegir-la.<\/p>\n<p>Sens dubte una opci\u00f3 ideal que no pot faltar a la teva comanda de c\u00e0tering de pa i pastisseria artesanal a Barcelona.<\/p>\n<p>&nbsp;<\/p>\n<p><span style=\"text-decoration: underline;\"><strong>Informaci\u00f3 al\u00b7l\u00e8rgens<\/strong><\/span><\/p>\n<p>Gluten&#8230;&#8230;&#8230;&#8230;&#8230;&#8230;&#8230;&#8230;&#8230;&#8230;&#8230;&#8230;.. S\u00ed<br \/>\nS\u00e8sam&#8230;&#8230;&#8230;&#8230;&#8230;&#8230;&#8230;&#8230;&#8230;&#8230;&#8230;&#8230;.. No<br \/>\nFruits de closca&#8230;&#8230;&#8230;&#8230;&#8230;&#8230;&#8230;. S\u00ed<br \/>\nLlet i lactosa&#8230;&#8230;&#8230;&#8230;&#8230;&#8230;&#8230;&#8230;&#8230;. S\u00ed<br \/>\nSoja&#8230;&#8230;&#8230;&#8230;&#8230;&#8230;&#8230;&#8230;&#8230;&#8230;&#8230;&#8230;&#8230;&#8230;. No<br \/>\nMostassa&#8230;&#8230;&#8230;&#8230;&#8230;&#8230;&#8230;&#8230;&#8230;&#8230;&#8230;. No<br \/>\nOu i derivats&#8230;&#8230;&#8230;&#8230;&#8230;&#8230;&#8230;&#8230;&#8230;. S\u00ed<br \/>\nPeix i derivats&#8230;&#8230;&#8230;&#8230;&#8230;&#8230;&#8230;&#8230;.. No<\/p>\n<p>Pot contenir traces d&#8217;ous, llet i derivats, s\u00e8sam, fruits\u00a0de clofolla, i soja.<\/p>\n","protected":false},"excerpt":{"rendered":"<p>Past\u00eds salat 100% artesanal a base de ous batuts i crema de llet fresca i espessa. Aquesta \u00e9s la versi\u00f3 m\u00e9s cl\u00e0ssica amb pernil dol\u00e7 i formatge ratllat.<\/p>\n<p>&nbsp;<\/p>\n<p>\u00c9s una pe\u00e7a contundent i t\u00e9 un di\u00e0metre de 23cm, ideal per unes 6-8 persones.<\/p>\n<p>&nbsp;<\/p>\n<p><em><strong>T&#8217;ho enviem a domicili o si prefereixes pots recollir-ho a qualsevol de les nostres botigues de Sarri\u00e0 o les Corts. Consulta les <a href=\"https:\/\/laforneria.cat\/ca\/terminos-y-condiciones\/\">condicions aqu\u00ed<\/a>.<\/strong><\/em><\/p>\n","protected":false},"featured_media":26760,"template":"","meta":[],"product_cat":[304,266],"product_tag":[],"yoast_head":"<!-- This site is optimized with the Yoast SEO plugin v20.8 - https:\/\/yoast.com\/wordpress\/plugins\/seo\/ -->\n<title>QUICHE DE PERNIL DOL\u00c7 I FORMATGE (SENCERA) - La Forneria<\/title>\n<meta name=\"robots\" content=\"index, follow, max-snippet:-1, max-image-preview:large, max-video-preview:-1\" \/>\n<link rel=\"canonical\" href=\"https:\/\/laforneria.cat\/ca\/producto\/quiche-de-pernil-i-formatge\/\" \/>\n<meta property=\"og:locale\" content=\"ca_ES\" \/>\n<meta property=\"og:type\" content=\"article\" \/>\n<meta property=\"og:title\" content=\"QUICHE DE PERNIL DOL\u00c7 I FORMATGE (SENCERA) - La Forneria\" \/>\n<meta property=\"og:description\" content=\"Past\u00eds salat 100% artesanal a base de ous batuts i crema de llet fresca i espessa. Aquesta \u00e9s la versi\u00f3 m\u00e9s cl\u00e0ssica amb pernil dol\u00e7 i formatge ratllat.  &nbsp;  \u00c9s una pe\u00e7a contundent i t\u00e9 un di\u00e0metre de 23cm, ideal per unes 6-8 persones.  &nbsp;  T&#039;ho enviem a domicili o si prefereixes pots recollir-ho a qualsevol de les nostres botigues de Sarri\u00e0 o les Corts. Consulta les condicions aqu\u00ed.\" \/>\n<meta property=\"og:url\" content=\"https:\/\/laforneria.cat\/ca\/producto\/quiche-de-pernil-i-formatge\/\" \/>\n<meta property=\"og:site_name\" content=\"La Forneria\" \/>\n<meta property=\"article:publisher\" content=\"https:\/\/www.facebook.com\/laforneriabcn\/\" \/>\n<meta property=\"article:modified_time\" content=\"2023-04-20T11:46:35+00:00\" \/>\n<meta property=\"og:image\" content=\"https:\/\/laforneria.cat\/wp-content\/uploads\/2021\/02\/LaForneria-F-11.jpg\" \/>\n\t<meta property=\"og:image:width\" content=\"1600\" \/>\n\t<meta property=\"og:image:height\" content=\"1067\" \/>\n\t<meta property=\"og:image:type\" content=\"image\/jpeg\" \/>\n<meta name=\"twitter:card\" content=\"summary_large_image\" \/>\n<script type=\"application\/ld+json\" class=\"yoast-schema-graph\">{\"@context\":\"https:\/\/schema.org\",\"@graph\":[{\"@type\":\"WebPage\",\"@id\":\"https:\/\/laforneria.cat\/ca\/producto\/quiche-de-pernil-i-formatge\/\",\"url\":\"https:\/\/laforneria.cat\/ca\/producto\/quiche-de-pernil-i-formatge\/\",\"name\":\"QUICHE DE PERNIL DOL\u00c7 I FORMATGE (SENCERA) - La Forneria\",\"isPartOf\":{\"@id\":\"https:\/\/laforneria.cat\/#website\"},\"datePublished\":\"2021-02-09T13:05:51+00:00\",\"dateModified\":\"2023-04-20T11:46:35+00:00\",\"breadcrumb\":{\"@id\":\"https:\/\/laforneria.cat\/ca\/producto\/quiche-de-pernil-i-formatge\/#breadcrumb\"},\"inLanguage\":\"ca\",\"potentialAction\":[{\"@type\":\"ReadAction\",\"target\":[\"https:\/\/laforneria.cat\/ca\/producto\/quiche-de-pernil-i-formatge\/\"]}]},{\"@type\":\"BreadcrumbList\",\"@id\":\"https:\/\/laforneria.cat\/ca\/producto\/quiche-de-pernil-i-formatge\/#breadcrumb\",\"itemListElement\":[{\"@type\":\"ListItem\",\"position\":1,\"name\":\"Portada\",\"item\":\"https:\/\/laforneria.cat\/ca\/\"},{\"@type\":\"ListItem\",\"position\":2,\"name\":\"Catering Online\",\"item\":\"https:\/\/laforneria.cat\/ca\/shop\/\"},{\"@type\":\"ListItem\",\"position\":3,\"name\":\"QUICHE DE PERNIL DOL\u00c7 I FORMATGE (SENCERA)\"}]},{\"@type\":\"WebSite\",\"@id\":\"https:\/\/laforneria.cat\/#website\",\"url\":\"https:\/\/laforneria.cat\/\",\"name\":\"La Forneria\",\"description\":\"Panader\u00eda, Cafeter\u00eda, Catering para celebraciones\",\"publisher\":{\"@id\":\"https:\/\/laforneria.cat\/#organization\"},\"potentialAction\":[{\"@type\":\"SearchAction\",\"target\":{\"@type\":\"EntryPoint\",\"urlTemplate\":\"https:\/\/laforneria.cat\/?s={search_term_string}\"},\"query-input\":\"required name=search_term_string\"}],\"inLanguage\":\"ca\"},{\"@type\":\"Organization\",\"@id\":\"https:\/\/laforneria.cat\/#organization\",\"name\":\"La Forneria\",\"url\":\"https:\/\/laforneria.cat\/\",\"logo\":{\"@type\":\"ImageObject\",\"inLanguage\":\"ca\",\"@id\":\"https:\/\/laforneria.cat\/#\/schema\/logo\/image\/\",\"url\":\"https:\/\/laforneria.cat\/wp-content\/uploads\/2018\/09\/Logo_LaForneria.png\",\"contentUrl\":\"https:\/\/laforneria.cat\/wp-content\/uploads\/2018\/09\/Logo_LaForneria.png\",\"width\":2427,\"height\":452,\"caption\":\"La Forneria\"},\"image\":{\"@id\":\"https:\/\/laforneria.cat\/#\/schema\/logo\/image\/\"},\"sameAs\":[\"https:\/\/www.facebook.com\/laforneriabcn\/\"]}]}<\/script>\n<!-- \/ Yoast SEO plugin. -->","yoast_head_json":{"title":"QUICHE DE PERNIL DOL\u00c7 I FORMATGE (SENCERA) - La Forneria","robots":{"index":"index","follow":"follow","max-snippet":"max-snippet:-1","max-image-preview":"max-image-preview:large","max-video-preview":"max-video-preview:-1"},"canonical":"https:\/\/laforneria.cat\/ca\/producto\/quiche-de-pernil-i-formatge\/","og_locale":"ca_ES","og_type":"article","og_title":"QUICHE DE PERNIL DOL\u00c7 I FORMATGE (SENCERA) - La Forneria","og_description":"Past\u00eds salat 100% artesanal a base de ous batuts i crema de llet fresca i espessa. Aquesta \u00e9s la versi\u00f3 m\u00e9s cl\u00e0ssica amb pernil dol\u00e7 i formatge ratllat.  &nbsp;  \u00c9s una pe\u00e7a contundent i t\u00e9 un di\u00e0metre de 23cm, ideal per unes 6-8 persones.  &nbsp;  T'ho enviem a domicili o si prefereixes pots recollir-ho a qualsevol de les nostres botigues de Sarri\u00e0 o les Corts. Consulta les condicions aqu\u00ed.","og_url":"https:\/\/laforneria.cat\/ca\/producto\/quiche-de-pernil-i-formatge\/","og_site_name":"La Forneria","article_publisher":"https:\/\/www.facebook.com\/laforneriabcn\/","article_modified_time":"2023-04-20T11:46:35+00:00","og_image":[{"width":1600,"height":1067,"url":"https:\/\/laforneria.cat\/wp-content\/uploads\/2021\/02\/LaForneria-F-11.jpg","type":"image\/jpeg"}],"twitter_card":"summary_large_image","schema":{"@context":"https:\/\/schema.org","@graph":[{"@type":"WebPage","@id":"https:\/\/laforneria.cat\/ca\/producto\/quiche-de-pernil-i-formatge\/","url":"https:\/\/laforneria.cat\/ca\/producto\/quiche-de-pernil-i-formatge\/","name":"QUICHE DE PERNIL DOL\u00c7 I FORMATGE (SENCERA) - La Forneria","isPartOf":{"@id":"https:\/\/laforneria.cat\/#website"},"datePublished":"2021-02-09T13:05:51+00:00","dateModified":"2023-04-20T11:46:35+00:00","breadcrumb":{"@id":"https:\/\/laforneria.cat\/ca\/producto\/quiche-de-pernil-i-formatge\/#breadcrumb"},"inLanguage":"ca","potentialAction":[{"@type":"ReadAction","target":["https:\/\/laforneria.cat\/ca\/producto\/quiche-de-pernil-i-formatge\/"]}]},{"@type":"BreadcrumbList","@id":"https:\/\/laforneria.cat\/ca\/producto\/quiche-de-pernil-i-formatge\/#breadcrumb","itemListElement":[{"@type":"ListItem","position":1,"name":"Portada","item":"https:\/\/laforneria.cat\/ca\/"},{"@type":"ListItem","position":2,"name":"Catering Online","item":"https:\/\/laforneria.cat\/ca\/shop\/"},{"@type":"ListItem","position":3,"name":"QUICHE DE PERNIL DOL\u00c7 I FORMATGE (SENCERA)"}]},{"@type":"WebSite","@id":"https:\/\/laforneria.cat\/#website","url":"https:\/\/laforneria.cat\/","name":"La Forneria","description":"Panader\u00eda, Cafeter\u00eda, Catering para celebraciones","publisher":{"@id":"https:\/\/laforneria.cat\/#organization"},"potentialAction":[{"@type":"SearchAction","target":{"@type":"EntryPoint","urlTemplate":"https:\/\/laforneria.cat\/?s={search_term_string}"},"query-input":"required name=search_term_string"}],"inLanguage":"ca"},{"@type":"Organization","@id":"https:\/\/laforneria.cat\/#organization","name":"La Forneria","url":"https:\/\/laforneria.cat\/","logo":{"@type":"ImageObject","inLanguage":"ca","@id":"https:\/\/laforneria.cat\/#\/schema\/logo\/image\/","url":"https:\/\/laforneria.cat\/wp-content\/uploads\/2018\/09\/Logo_LaForneria.png","contentUrl":"https:\/\/laforneria.cat\/wp-content\/uploads\/2018\/09\/Logo_LaForneria.png","width":2427,"height":452,"caption":"La Forneria"},"image":{"@id":"https:\/\/laforneria.cat\/#\/schema\/logo\/image\/"},"sameAs":["https:\/\/www.facebook.com\/laforneriabcn\/"]}]}},"_links":{"self":[{"href":"https:\/\/laforneria.cat\/ca\/wp-json\/wp\/v2\/product\/27012"}],"collection":[{"href":"https:\/\/laforneria.cat\/ca\/wp-json\/wp\/v2\/product"}],"about":[{"href":"https:\/\/laforneria.cat\/ca\/wp-json\/wp\/v2\/types\/product"}],"wp:featuredmedia":[{"embeddable":true,"href":"https:\/\/laforneria.cat\/ca\/wp-json\/wp\/v2\/media\/26760"}],"wp:attachment":[{"href":"https:\/\/laforneria.cat\/ca\/wp-json\/wp\/v2\/media?parent=27012"}],"wp:term":[{"taxonomy":"product_cat","embeddable":true,"href":"https:\/\/laforneria.cat\/ca\/wp-json\/wp\/v2\/product_cat?post=27012"},{"taxonomy":"product_tag","embeddable":true,"href":"https:\/\/laforneria.cat\/ca\/wp-json\/wp\/v2\/product_tag?post=27012"}],"curies":[{"name":"wp","href":"https:\/\/api.w.org\/{rel}","templated":true}]}}