{"id":27009,"date":"2021-02-09T16:13:03","date_gmt":"2021-02-09T15:13:03","guid":{"rendered":"https:\/\/laforneria.cat\/catering\/pastis-de-formatge-japones\/"},"modified":"2026-03-25T17:42:33","modified_gmt":"2026-03-25T16:42:33","slug":"pastis-de-formatge-japones","status":"publish","type":"product","link":"https:\/\/laforneria.cat\/ca\/producto\/pastis-de-formatge-japones\/","title":{"rendered":"PAST\u00cdS DE FORMATGE JAPON\u00c8S"},"content":{"rendered":"<p>Past\u00eds de formatge crem\u00f3s amb xocolata blanca i ou.<\/p>\n<p>Sens dubte una opci\u00f3 ideal que no pot faltar a la teva comanda de c\u00e0tering de pa i pastisseria artesanal a Barcelona.<\/p>\n<p><\/p>\n<p><span style=\"text-decoration: underline\" data-mce-style=\"text-decoration: underline;\"><strong>Informaci\u00f3 al\u00b7l\u00e8rgens<\/strong><\/span><\/p>\n<p>Gluten&#8230;&#8230;&#8230;&#8230;&#8230;&#8230;&#8230;&#8230;&#8230;&#8230;&#8230;&#8230;.. Si<br \/>S\u00e8sam&#8230;&#8230;&#8230;&#8230;&#8230;&#8230;&#8230;&#8230;&#8230;&#8230;&#8230;&#8230;.. No<br \/>Fruits de closca&#8230;&#8230;&#8230;&#8230;&#8230;&#8230;&#8230;. No<br \/>Llet i lactosa&#8230;&#8230;&#8230;&#8230;&#8230;&#8230;&#8230;&#8230;&#8230;. S\u00ed<br \/>Soja&#8230;&#8230;&#8230;&#8230;&#8230;&#8230;&#8230;&#8230;&#8230;&#8230;&#8230;&#8230;&#8230;&#8230; No<br \/>Mostassa&#8230;&#8230;&#8230;&#8230;&#8230;&#8230;&#8230;&#8230;&#8230;&#8230;&#8230; No<br \/>Ou i derivats&#8230;&#8230;&#8230;&#8230;&#8230;&#8230;&#8230;&#8230;&#8230; S\u00ed<br \/>Peix i derivats&#8230;&#8230;&#8230;&#8230;&#8230;&#8230;&#8230;&#8230;. No<\/p>\n<p>Pot contenir traces d&#8217;ous, llet i derivats, s\u00e8sam, fruits&nbsp;de clofolla, i soja.<\/p>\n","protected":false},"excerpt":{"rendered":"<p>El past\u00eds de formatge japon\u00e8s, tamb\u00e9 conegut com a past\u00eds de formatge d&#8217;estil souffl\u00e9, past\u00eds de formatge de cot\u00f3 o past\u00eds de formatge lleuger, \u00e9s una varietat de past\u00eds de formatge que sol tenir una textura m\u00e9s lleugera i menys dol\u00e7a que els pastissos de formatge d&#8217;estil nord-americ\u00e0. A La Forneria hem fet la nostra pr\u00f2pia recepte amb xocolata blanca.<\/p>\n<p><\/p>\n<p>Si t&#8217;agraden els pastissos per\u00f2 vols una versi\u00f3 lleugera aquest \u00e9s ideal.<\/p>\n<p><\/p>\n<p><em><strong>T&#8217;ho enviem a domicili o si prefereixes pots recollir-ho a qualsevol de les nostres botigues de Sarri\u00e0 o les Corts. Consulta les <a href=\"https:\/\/laforneria.cat\/ca\/terminos-y-condiciones\/\" data-mce-href=\"https:\/\/laforneria.cat\/ca\/terminos-y-condiciones\/\">condicions aqu\u00ed<\/a>.<\/strong><\/em><\/p>\n","protected":false},"featured_media":26826,"template":"","meta":[],"product_cat":[265,298],"product_tag":[],"yoast_head":"<!-- This site is optimized with the Yoast SEO plugin v20.8 - https:\/\/yoast.com\/wordpress\/plugins\/seo\/ -->\n<title>PAST\u00cdS DE FORMATGE JAPON\u00c8S - La Forneria<\/title>\n<meta name=\"robots\" content=\"index, follow, max-snippet:-1, max-image-preview:large, max-video-preview:-1\" \/>\n<link rel=\"canonical\" href=\"https:\/\/laforneria.cat\/ca\/producto\/pastis-de-formatge-japones\/\" \/>\n<meta property=\"og:locale\" content=\"ca_ES\" \/>\n<meta property=\"og:type\" content=\"article\" \/>\n<meta property=\"og:title\" content=\"PAST\u00cdS DE FORMATGE JAPON\u00c8S - La Forneria\" \/>\n<meta property=\"og:description\" content=\"El past\u00eds de formatge japon\u00e8s, tamb\u00e9 conegut com a past\u00eds de formatge d&#039;estil souffl\u00e9, past\u00eds de formatge de cot\u00f3 o past\u00eds de formatge lleuger, \u00e9s una varietat de past\u00eds de formatge que sol tenir una textura m\u00e9s lleugera i menys dol\u00e7a que els pastissos de formatge d&#039;estil nord-americ\u00e0. A La Forneria hem fet la nostra pr\u00f2pia recepte amb xocolata blanca.Si t&#039;agraden els pastissos per\u00f2 vols una versi\u00f3 lleugera aquest \u00e9s ideal.T&#039;ho enviem a domicili o si prefereixes pots recollir-ho a qualsevol de les nostres botigues de Sarri\u00e0 o les Corts. Consulta les condicions aqu\u00ed.\" \/>\n<meta property=\"og:url\" content=\"https:\/\/laforneria.cat\/ca\/producto\/pastis-de-formatge-japones\/\" \/>\n<meta property=\"og:site_name\" content=\"La Forneria\" \/>\n<meta property=\"article:publisher\" content=\"https:\/\/www.facebook.com\/laforneriabcn\/\" \/>\n<meta property=\"article:modified_time\" content=\"2026-03-25T16:42:33+00:00\" \/>\n<meta property=\"og:image\" content=\"https:\/\/laforneria.cat\/wp-content\/uploads\/2021\/02\/LaForneria-F-45.jpg\" \/>\n\t<meta property=\"og:image:width\" content=\"1600\" \/>\n\t<meta property=\"og:image:height\" content=\"1067\" \/>\n\t<meta property=\"og:image:type\" content=\"image\/jpeg\" \/>\n<meta name=\"twitter:card\" content=\"summary_large_image\" \/>\n<script type=\"application\/ld+json\" class=\"yoast-schema-graph\">{\"@context\":\"https:\/\/schema.org\",\"@graph\":[{\"@type\":\"WebPage\",\"@id\":\"https:\/\/laforneria.cat\/ca\/producto\/pastis-de-formatge-japones\/\",\"url\":\"https:\/\/laforneria.cat\/ca\/producto\/pastis-de-formatge-japones\/\",\"name\":\"PAST\u00cdS DE FORMATGE JAPON\u00c8S - La Forneria\",\"isPartOf\":{\"@id\":\"https:\/\/laforneria.cat\/#website\"},\"datePublished\":\"2021-02-09T15:13:03+00:00\",\"dateModified\":\"2026-03-25T16:42:33+00:00\",\"breadcrumb\":{\"@id\":\"https:\/\/laforneria.cat\/ca\/producto\/pastis-de-formatge-japones\/#breadcrumb\"},\"inLanguage\":\"ca\",\"potentialAction\":[{\"@type\":\"ReadAction\",\"target\":[\"https:\/\/laforneria.cat\/ca\/producto\/pastis-de-formatge-japones\/\"]}]},{\"@type\":\"BreadcrumbList\",\"@id\":\"https:\/\/laforneria.cat\/ca\/producto\/pastis-de-formatge-japones\/#breadcrumb\",\"itemListElement\":[{\"@type\":\"ListItem\",\"position\":1,\"name\":\"Portada\",\"item\":\"https:\/\/laforneria.cat\/ca\/\"},{\"@type\":\"ListItem\",\"position\":2,\"name\":\"Catering Online\",\"item\":\"https:\/\/laforneria.cat\/ca\/shop\/\"},{\"@type\":\"ListItem\",\"position\":3,\"name\":\"PAST\u00cdS DE FORMATGE JAPON\u00c8S\"}]},{\"@type\":\"WebSite\",\"@id\":\"https:\/\/laforneria.cat\/#website\",\"url\":\"https:\/\/laforneria.cat\/\",\"name\":\"La Forneria\",\"description\":\"Panader\u00eda, Cafeter\u00eda, Catering para celebraciones\",\"publisher\":{\"@id\":\"https:\/\/laforneria.cat\/#organization\"},\"potentialAction\":[{\"@type\":\"SearchAction\",\"target\":{\"@type\":\"EntryPoint\",\"urlTemplate\":\"https:\/\/laforneria.cat\/?s={search_term_string}\"},\"query-input\":\"required name=search_term_string\"}],\"inLanguage\":\"ca\"},{\"@type\":\"Organization\",\"@id\":\"https:\/\/laforneria.cat\/#organization\",\"name\":\"La Forneria\",\"url\":\"https:\/\/laforneria.cat\/\",\"logo\":{\"@type\":\"ImageObject\",\"inLanguage\":\"ca\",\"@id\":\"https:\/\/laforneria.cat\/#\/schema\/logo\/image\/\",\"url\":\"https:\/\/laforneria.cat\/wp-content\/uploads\/2018\/09\/Logo_LaForneria.png\",\"contentUrl\":\"https:\/\/laforneria.cat\/wp-content\/uploads\/2018\/09\/Logo_LaForneria.png\",\"width\":2427,\"height\":452,\"caption\":\"La Forneria\"},\"image\":{\"@id\":\"https:\/\/laforneria.cat\/#\/schema\/logo\/image\/\"},\"sameAs\":[\"https:\/\/www.facebook.com\/laforneriabcn\/\"]}]}<\/script>\n<!-- \/ Yoast SEO plugin. -->","yoast_head_json":{"title":"PAST\u00cdS DE FORMATGE JAPON\u00c8S - La Forneria","robots":{"index":"index","follow":"follow","max-snippet":"max-snippet:-1","max-image-preview":"max-image-preview:large","max-video-preview":"max-video-preview:-1"},"canonical":"https:\/\/laforneria.cat\/ca\/producto\/pastis-de-formatge-japones\/","og_locale":"ca_ES","og_type":"article","og_title":"PAST\u00cdS DE FORMATGE JAPON\u00c8S - La Forneria","og_description":"El past\u00eds de formatge japon\u00e8s, tamb\u00e9 conegut com a past\u00eds de formatge d'estil souffl\u00e9, past\u00eds de formatge de cot\u00f3 o past\u00eds de formatge lleuger, \u00e9s una varietat de past\u00eds de formatge que sol tenir una textura m\u00e9s lleugera i menys dol\u00e7a que els pastissos de formatge d'estil nord-americ\u00e0. A La Forneria hem fet la nostra pr\u00f2pia recepte amb xocolata blanca.Si t'agraden els pastissos per\u00f2 vols una versi\u00f3 lleugera aquest \u00e9s ideal.T'ho enviem a domicili o si prefereixes pots recollir-ho a qualsevol de les nostres botigues de Sarri\u00e0 o les Corts. Consulta les condicions aqu\u00ed.","og_url":"https:\/\/laforneria.cat\/ca\/producto\/pastis-de-formatge-japones\/","og_site_name":"La Forneria","article_publisher":"https:\/\/www.facebook.com\/laforneriabcn\/","article_modified_time":"2026-03-25T16:42:33+00:00","og_image":[{"width":1600,"height":1067,"url":"https:\/\/laforneria.cat\/wp-content\/uploads\/2021\/02\/LaForneria-F-45.jpg","type":"image\/jpeg"}],"twitter_card":"summary_large_image","schema":{"@context":"https:\/\/schema.org","@graph":[{"@type":"WebPage","@id":"https:\/\/laforneria.cat\/ca\/producto\/pastis-de-formatge-japones\/","url":"https:\/\/laforneria.cat\/ca\/producto\/pastis-de-formatge-japones\/","name":"PAST\u00cdS DE FORMATGE JAPON\u00c8S - La Forneria","isPartOf":{"@id":"https:\/\/laforneria.cat\/#website"},"datePublished":"2021-02-09T15:13:03+00:00","dateModified":"2026-03-25T16:42:33+00:00","breadcrumb":{"@id":"https:\/\/laforneria.cat\/ca\/producto\/pastis-de-formatge-japones\/#breadcrumb"},"inLanguage":"ca","potentialAction":[{"@type":"ReadAction","target":["https:\/\/laforneria.cat\/ca\/producto\/pastis-de-formatge-japones\/"]}]},{"@type":"BreadcrumbList","@id":"https:\/\/laforneria.cat\/ca\/producto\/pastis-de-formatge-japones\/#breadcrumb","itemListElement":[{"@type":"ListItem","position":1,"name":"Portada","item":"https:\/\/laforneria.cat\/ca\/"},{"@type":"ListItem","position":2,"name":"Catering Online","item":"https:\/\/laforneria.cat\/ca\/shop\/"},{"@type":"ListItem","position":3,"name":"PAST\u00cdS DE FORMATGE JAPON\u00c8S"}]},{"@type":"WebSite","@id":"https:\/\/laforneria.cat\/#website","url":"https:\/\/laforneria.cat\/","name":"La Forneria","description":"Panader\u00eda, Cafeter\u00eda, Catering para celebraciones","publisher":{"@id":"https:\/\/laforneria.cat\/#organization"},"potentialAction":[{"@type":"SearchAction","target":{"@type":"EntryPoint","urlTemplate":"https:\/\/laforneria.cat\/?s={search_term_string}"},"query-input":"required name=search_term_string"}],"inLanguage":"ca"},{"@type":"Organization","@id":"https:\/\/laforneria.cat\/#organization","name":"La Forneria","url":"https:\/\/laforneria.cat\/","logo":{"@type":"ImageObject","inLanguage":"ca","@id":"https:\/\/laforneria.cat\/#\/schema\/logo\/image\/","url":"https:\/\/laforneria.cat\/wp-content\/uploads\/2018\/09\/Logo_LaForneria.png","contentUrl":"https:\/\/laforneria.cat\/wp-content\/uploads\/2018\/09\/Logo_LaForneria.png","width":2427,"height":452,"caption":"La Forneria"},"image":{"@id":"https:\/\/laforneria.cat\/#\/schema\/logo\/image\/"},"sameAs":["https:\/\/www.facebook.com\/laforneriabcn\/"]}]}},"_links":{"self":[{"href":"https:\/\/laforneria.cat\/ca\/wp-json\/wp\/v2\/product\/27009"}],"collection":[{"href":"https:\/\/laforneria.cat\/ca\/wp-json\/wp\/v2\/product"}],"about":[{"href":"https:\/\/laforneria.cat\/ca\/wp-json\/wp\/v2\/types\/product"}],"wp:featuredmedia":[{"embeddable":true,"href":"https:\/\/laforneria.cat\/ca\/wp-json\/wp\/v2\/media\/26826"}],"wp:attachment":[{"href":"https:\/\/laforneria.cat\/ca\/wp-json\/wp\/v2\/media?parent=27009"}],"wp:term":[{"taxonomy":"product_cat","embeddable":true,"href":"https:\/\/laforneria.cat\/ca\/wp-json\/wp\/v2\/product_cat?post=27009"},{"taxonomy":"product_tag","embeddable":true,"href":"https:\/\/laforneria.cat\/ca\/wp-json\/wp\/v2\/product_tag?post=27009"}],"curies":[{"name":"wp","href":"https:\/\/api.w.org\/{rel}","templated":true}]}}