{"id":26618,"date":"2020-09-17T12:48:08","date_gmt":"2020-09-17T10:48:08","guid":{"rendered":"https:\/\/laforneria.cat\/catering\/rebosteria-variada\/"},"modified":"2023-04-20T12:49:50","modified_gmt":"2023-04-20T10:49:50","slug":"rebosteria-variada","status":"publish","type":"product","link":"https:\/\/laforneria.cat\/ca\/producto\/rebosteria-variada\/","title":{"rendered":"REBOSTERIA VARIADA"},"content":{"rendered":"<p>Flam<br \/>\nBola de coco<br \/>\nPetit four d&#8217;anou<br \/>\nDau de llimona<br \/>\nSara: mantega<br \/>\nFlamet (tocinillo de cielo)<br \/>\nDau de gerds<br \/>\nPetit four de kiwi<br \/>\nSara de xocolata<br \/>\nTrufa de xocolata<\/p>\n<p>&nbsp;<\/p>\n<p><span data-sheets-value=\"{&quot;1&quot;:2,&quot;2&quot;:&quot;Ve servit en les nostres caixes de c\u00e0tering de cartr\u00f3 per protegir-ho, nom\u00e9s cal que treguis la tapa i ja est\u00e0 llest per servir a taula.&quot;}\" data-sheets-userformat=\"{&quot;2&quot;:14465,&quot;3&quot;:{&quot;1&quot;:0,&quot;3&quot;:1},&quot;10&quot;:1,&quot;14&quot;:{&quot;1&quot;:2,&quot;2&quot;:2236962},&quot;15&quot;:&quot;Arial&quot;,&quot;16&quot;:12}\">Ve servit en les nostres caixes de c\u00e0tering de cartr\u00f3 per protegir-ho, nom\u00e9s cal que treguis la tapa i ja est\u00e0 llest per servir a taula.<\/span><\/p>\n<p>Sens dubte una opci\u00f3 ideal que no pot faltar a la teva comanda de c\u00e0tering de pa i pastisseria artesanal a Barcelona.<\/p>\n<p>&nbsp;<\/p>\n<p><span style=\"text-decoration: underline;\"><strong>Informaci\u00f3 al\u00b7l\u00e8rgens<\/strong><\/span><\/p>\n<p>Gluten&#8230;&#8230;&#8230;&#8230;&#8230;&#8230;&#8230;&#8230;&#8230;&#8230;&#8230;&#8230;.. S\u00ed<br \/>\nS\u00e8sam&#8230;&#8230;&#8230;&#8230;&#8230;&#8230;&#8230;&#8230;&#8230;&#8230;&#8230;&#8230;.. No<br \/>\nFruits de closca&#8230;&#8230;&#8230;&#8230;&#8230;&#8230;&#8230;. No<br \/>\nLlet i lactosa&#8230;&#8230;&#8230;&#8230;&#8230;&#8230;&#8230;&#8230;&#8230;. S\u00ed<br \/>\nSoja&#8230;&#8230;&#8230;&#8230;&#8230;&#8230;&#8230;&#8230;&#8230;&#8230;&#8230;&#8230;&#8230;&#8230;. No<br \/>\nMostassa&#8230;&#8230;&#8230;&#8230;&#8230;&#8230;&#8230;&#8230;&#8230;&#8230;&#8230;. No<br \/>\nOu i derivats&#8230;&#8230;&#8230;&#8230;&#8230;&#8230;&#8230;&#8230;&#8230;. S\u00ed<br \/>\nPeix i derivats&#8230;&#8230;&#8230;&#8230;&#8230;&#8230;&#8230;&#8230;.. No<\/p>\n<p>Pot contenir traces d&#8217;ous, llet i derivats, s\u00e8sam, fruits\u00a0de clofolla, i soja.<\/p>\n","protected":false},"excerpt":{"rendered":"<p>Assortiment de rebosteria variada compost pels cl\u00e0ssics pastissets de sempre: flam, bola de coco, petit four de anou, cistellet de licor, sara, flamet (tocinillo de cielo), dau de gerds, petit fours de panses, caprici borratxo i trufes de xocolata.<\/p>\n<p>&nbsp;<\/p>\n<p>Ideals per endolcir qualsevol reuni\u00f3 de feina o familiar amb un toc elegant.<\/p>\n<p>&nbsp;<\/p>\n<p><em><strong>T&#8217;ho enviem a domicili o si prefereixes pots recollir-ho a qualsevol de les nostres botigues de Sarri\u00e0 o les Corts. Consulta les <a href=\"https:\/\/laforneria.cat\/ca\/terminos-y-condiciones\/\">condicions aqu\u00ed<\/a>.<\/strong><\/em><\/p>\n","protected":false},"featured_media":25394,"template":"","meta":[],"product_cat":[265,299],"product_tag":[],"yoast_head":"<!-- This site is optimized with the Yoast SEO plugin v20.8 - https:\/\/yoast.com\/wordpress\/plugins\/seo\/ -->\n<title>REBOSTERIA VARIADA - La Forneria<\/title>\n<meta name=\"robots\" content=\"index, follow, max-snippet:-1, max-image-preview:large, max-video-preview:-1\" \/>\n<link rel=\"canonical\" href=\"https:\/\/laforneria.cat\/ca\/producto\/rebosteria-variada\/\" \/>\n<meta property=\"og:locale\" content=\"ca_ES\" \/>\n<meta property=\"og:type\" content=\"article\" \/>\n<meta property=\"og:title\" content=\"REBOSTERIA VARIADA - La Forneria\" \/>\n<meta property=\"og:description\" content=\"Assortiment de rebosteria variada compost pels cl\u00e0ssics pastissets de sempre: flam, bola de coco, petit four de anou, cistellet de licor, sara, flamet (tocinillo de cielo), dau de gerds, petit fours de panses, caprici borratxo i trufes de xocolata.  &nbsp;  Ideals per endolcir qualsevol reuni\u00f3 de feina o familiar amb un toc elegant.  &nbsp;  T&#039;ho enviem a domicili o si prefereixes pots recollir-ho a qualsevol de les nostres botigues de Sarri\u00e0 o les Corts. Consulta les condicions aqu\u00ed.\" \/>\n<meta property=\"og:url\" content=\"https:\/\/laforneria.cat\/ca\/producto\/rebosteria-variada\/\" \/>\n<meta property=\"og:site_name\" content=\"La Forneria\" \/>\n<meta property=\"article:publisher\" content=\"https:\/\/www.facebook.com\/laforneriabcn\/\" \/>\n<meta property=\"article:modified_time\" content=\"2023-04-20T10:49:50+00:00\" \/>\n<meta property=\"og:image\" content=\"https:\/\/laforneria.cat\/wp-content\/uploads\/2020\/09\/catering_la_forneria_513.jpg\" \/>\n\t<meta property=\"og:image:width\" content=\"1170\" \/>\n\t<meta property=\"og:image:height\" content=\"780\" \/>\n\t<meta property=\"og:image:type\" content=\"image\/jpeg\" \/>\n<meta name=\"twitter:card\" content=\"summary_large_image\" \/>\n<script type=\"application\/ld+json\" class=\"yoast-schema-graph\">{\"@context\":\"https:\/\/schema.org\",\"@graph\":[{\"@type\":\"WebPage\",\"@id\":\"https:\/\/laforneria.cat\/ca\/producto\/rebosteria-variada\/\",\"url\":\"https:\/\/laforneria.cat\/ca\/producto\/rebosteria-variada\/\",\"name\":\"REBOSTERIA VARIADA - La Forneria\",\"isPartOf\":{\"@id\":\"https:\/\/laforneria.cat\/#website\"},\"datePublished\":\"2020-09-17T10:48:08+00:00\",\"dateModified\":\"2023-04-20T10:49:50+00:00\",\"breadcrumb\":{\"@id\":\"https:\/\/laforneria.cat\/ca\/producto\/rebosteria-variada\/#breadcrumb\"},\"inLanguage\":\"ca\",\"potentialAction\":[{\"@type\":\"ReadAction\",\"target\":[\"https:\/\/laforneria.cat\/ca\/producto\/rebosteria-variada\/\"]}]},{\"@type\":\"BreadcrumbList\",\"@id\":\"https:\/\/laforneria.cat\/ca\/producto\/rebosteria-variada\/#breadcrumb\",\"itemListElement\":[{\"@type\":\"ListItem\",\"position\":1,\"name\":\"Portada\",\"item\":\"https:\/\/laforneria.cat\/ca\/\"},{\"@type\":\"ListItem\",\"position\":2,\"name\":\"Catering Online\",\"item\":\"https:\/\/laforneria.cat\/ca\/shop\/\"},{\"@type\":\"ListItem\",\"position\":3,\"name\":\"REBOSTERIA VARIADA\"}]},{\"@type\":\"WebSite\",\"@id\":\"https:\/\/laforneria.cat\/#website\",\"url\":\"https:\/\/laforneria.cat\/\",\"name\":\"La Forneria\",\"description\":\"Panader\u00eda, Cafeter\u00eda, Catering para celebraciones\",\"publisher\":{\"@id\":\"https:\/\/laforneria.cat\/#organization\"},\"potentialAction\":[{\"@type\":\"SearchAction\",\"target\":{\"@type\":\"EntryPoint\",\"urlTemplate\":\"https:\/\/laforneria.cat\/?s={search_term_string}\"},\"query-input\":\"required name=search_term_string\"}],\"inLanguage\":\"ca\"},{\"@type\":\"Organization\",\"@id\":\"https:\/\/laforneria.cat\/#organization\",\"name\":\"La Forneria\",\"url\":\"https:\/\/laforneria.cat\/\",\"logo\":{\"@type\":\"ImageObject\",\"inLanguage\":\"ca\",\"@id\":\"https:\/\/laforneria.cat\/#\/schema\/logo\/image\/\",\"url\":\"https:\/\/laforneria.cat\/wp-content\/uploads\/2018\/09\/Logo_LaForneria.png\",\"contentUrl\":\"https:\/\/laforneria.cat\/wp-content\/uploads\/2018\/09\/Logo_LaForneria.png\",\"width\":2427,\"height\":452,\"caption\":\"La Forneria\"},\"image\":{\"@id\":\"https:\/\/laforneria.cat\/#\/schema\/logo\/image\/\"},\"sameAs\":[\"https:\/\/www.facebook.com\/laforneriabcn\/\"]}]}<\/script>\n<!-- \/ Yoast SEO plugin. -->","yoast_head_json":{"title":"REBOSTERIA VARIADA - La Forneria","robots":{"index":"index","follow":"follow","max-snippet":"max-snippet:-1","max-image-preview":"max-image-preview:large","max-video-preview":"max-video-preview:-1"},"canonical":"https:\/\/laforneria.cat\/ca\/producto\/rebosteria-variada\/","og_locale":"ca_ES","og_type":"article","og_title":"REBOSTERIA VARIADA - La Forneria","og_description":"Assortiment de rebosteria variada compost pels cl\u00e0ssics pastissets de sempre: flam, bola de coco, petit four de anou, cistellet de licor, sara, flamet (tocinillo de cielo), dau de gerds, petit fours de panses, caprici borratxo i trufes de xocolata.  &nbsp;  Ideals per endolcir qualsevol reuni\u00f3 de feina o familiar amb un toc elegant.  &nbsp;  T'ho enviem a domicili o si prefereixes pots recollir-ho a qualsevol de les nostres botigues de Sarri\u00e0 o les Corts. Consulta les condicions aqu\u00ed.","og_url":"https:\/\/laforneria.cat\/ca\/producto\/rebosteria-variada\/","og_site_name":"La Forneria","article_publisher":"https:\/\/www.facebook.com\/laforneriabcn\/","article_modified_time":"2023-04-20T10:49:50+00:00","og_image":[{"width":1170,"height":780,"url":"https:\/\/laforneria.cat\/wp-content\/uploads\/2020\/09\/catering_la_forneria_513.jpg","type":"image\/jpeg"}],"twitter_card":"summary_large_image","schema":{"@context":"https:\/\/schema.org","@graph":[{"@type":"WebPage","@id":"https:\/\/laforneria.cat\/ca\/producto\/rebosteria-variada\/","url":"https:\/\/laforneria.cat\/ca\/producto\/rebosteria-variada\/","name":"REBOSTERIA VARIADA - La Forneria","isPartOf":{"@id":"https:\/\/laforneria.cat\/#website"},"datePublished":"2020-09-17T10:48:08+00:00","dateModified":"2023-04-20T10:49:50+00:00","breadcrumb":{"@id":"https:\/\/laforneria.cat\/ca\/producto\/rebosteria-variada\/#breadcrumb"},"inLanguage":"ca","potentialAction":[{"@type":"ReadAction","target":["https:\/\/laforneria.cat\/ca\/producto\/rebosteria-variada\/"]}]},{"@type":"BreadcrumbList","@id":"https:\/\/laforneria.cat\/ca\/producto\/rebosteria-variada\/#breadcrumb","itemListElement":[{"@type":"ListItem","position":1,"name":"Portada","item":"https:\/\/laforneria.cat\/ca\/"},{"@type":"ListItem","position":2,"name":"Catering Online","item":"https:\/\/laforneria.cat\/ca\/shop\/"},{"@type":"ListItem","position":3,"name":"REBOSTERIA VARIADA"}]},{"@type":"WebSite","@id":"https:\/\/laforneria.cat\/#website","url":"https:\/\/laforneria.cat\/","name":"La Forneria","description":"Panader\u00eda, Cafeter\u00eda, Catering para celebraciones","publisher":{"@id":"https:\/\/laforneria.cat\/#organization"},"potentialAction":[{"@type":"SearchAction","target":{"@type":"EntryPoint","urlTemplate":"https:\/\/laforneria.cat\/?s={search_term_string}"},"query-input":"required name=search_term_string"}],"inLanguage":"ca"},{"@type":"Organization","@id":"https:\/\/laforneria.cat\/#organization","name":"La Forneria","url":"https:\/\/laforneria.cat\/","logo":{"@type":"ImageObject","inLanguage":"ca","@id":"https:\/\/laforneria.cat\/#\/schema\/logo\/image\/","url":"https:\/\/laforneria.cat\/wp-content\/uploads\/2018\/09\/Logo_LaForneria.png","contentUrl":"https:\/\/laforneria.cat\/wp-content\/uploads\/2018\/09\/Logo_LaForneria.png","width":2427,"height":452,"caption":"La Forneria"},"image":{"@id":"https:\/\/laforneria.cat\/#\/schema\/logo\/image\/"},"sameAs":["https:\/\/www.facebook.com\/laforneriabcn\/"]}]}},"_links":{"self":[{"href":"https:\/\/laforneria.cat\/ca\/wp-json\/wp\/v2\/product\/26618"}],"collection":[{"href":"https:\/\/laforneria.cat\/ca\/wp-json\/wp\/v2\/product"}],"about":[{"href":"https:\/\/laforneria.cat\/ca\/wp-json\/wp\/v2\/types\/product"}],"wp:featuredmedia":[{"embeddable":true,"href":"https:\/\/laforneria.cat\/ca\/wp-json\/wp\/v2\/media\/25394"}],"wp:attachment":[{"href":"https:\/\/laforneria.cat\/ca\/wp-json\/wp\/v2\/media?parent=26618"}],"wp:term":[{"taxonomy":"product_cat","embeddable":true,"href":"https:\/\/laforneria.cat\/ca\/wp-json\/wp\/v2\/product_cat?post=26618"},{"taxonomy":"product_tag","embeddable":true,"href":"https:\/\/laforneria.cat\/ca\/wp-json\/wp\/v2\/product_tag?post=26618"}],"curies":[{"name":"wp","href":"https:\/\/api.w.org\/{rel}","templated":true}]}}