{"id":26557,"date":"2020-09-17T12:47:23","date_gmt":"2020-09-17T10:47:23","guid":{"rendered":"https:\/\/laforneria.cat\/catering\/mini-delicies-salades\/"},"modified":"2023-04-20T11:00:09","modified_gmt":"2023-04-20T09:00:09","slug":"mini-delicies-salades","status":"publish","type":"product","link":"https:\/\/laforneria.cat\/ca\/producto\/mini-delicies-salades\/","title":{"rendered":"MINI DELICIES SALADES"},"content":{"rendered":"<p>Mini delicies de pernil dol\u00e7 i formatge.<br \/>\nMini delicies de tonyina.<br \/>\nMini delicies de pat\u00e9.<br \/>\nMini delicies de salm\u00f3.<br \/>\nMini delicies de sobrassada.<\/p>\n<p>&nbsp;<\/p>\n<p>Sens dubte una opci\u00f3 ideal que no pot faltar a la teva comanda de c\u00e0tering de pa i pastisseria artesanal a Barcelona.<\/p>\n<p>&nbsp;<\/p>\n<p><span style=\"text-decoration: underline;\"><strong>Informaci\u00f3 al\u00b7l\u00e8rgens<\/strong><\/span><\/p>\n<p>Gluten&#8230;&#8230;&#8230;&#8230;&#8230;&#8230;&#8230;&#8230;&#8230;&#8230;&#8230;&#8230;. S\u00ed<br \/>\nS\u00e8sam&#8230;&#8230;&#8230;&#8230;&#8230;&#8230;&#8230;&#8230;&#8230;&#8230;&#8230;&#8230;.. S\u00ed<br \/>\nFruits de closca&#8230;&#8230;&#8230;&#8230;&#8230;&#8230;&#8230;. S\u00ed<br \/>\nLlet i lactosa&#8230;&#8230;&#8230;&#8230;&#8230;&#8230;&#8230;&#8230;&#8230;. S\u00ed<br \/>\nSoja&#8230;&#8230;&#8230;&#8230;&#8230;&#8230;&#8230;&#8230;&#8230;&#8230;&#8230;&#8230;&#8230;&#8230; S\u00ed<br \/>\nMostassa&#8230;&#8230;&#8230;&#8230;&#8230;&#8230;&#8230;&#8230;&#8230;&#8230;&#8230; No<br \/>\nOu i derivats&#8230;&#8230;&#8230;&#8230;&#8230;&#8230;&#8230;&#8230;&#8230; S\u00ed<br \/>\nPeix i derivats&#8230;&#8230;&#8230;&#8230;&#8230;&#8230;&#8230;&#8230;. S\u00ed<\/p>\n<p>Pot contenir traces d&#8217;ous, llet i derivats, s\u00e8sam, fruits\u00a0de clofolla, i soja.<\/p>\n","protected":false},"excerpt":{"rendered":"<p>Petites delicies amb massa fullada amb diferents farciments salats (pernil dol\u00e7 i formatge, pat\u00e9, tonyina, salm\u00f3 i sobrassada). Cruixents i de gust intens, van decorats amb formatge, rosella, orenga, ametlla o s\u00e8sam.<\/p>\n<p>&nbsp;<\/p>\n<p>Cada dia es fornejen al nostre obrador per arribar a les vostres mans de la millor manera. Un caprici ideal per esmorzar, berenar o per qualsevol moment del dia.<\/p>\n<p>&nbsp;<\/p>\n<p><em><strong>T&#8217;ho enviem a domicili o si prefereixes pots recollir-ho a qualsevol de les nostres botigues de Sarri\u00e0 o les Corts. Consulta les <a href=\"https:\/\/laforneria.cat\/ca\/terminos-y-condiciones\/\">condicions aqu\u00ed<\/a>.<\/strong><\/em><\/p>\n","protected":false},"featured_media":26810,"template":"","meta":[],"product_cat":[384,266],"product_tag":[],"yoast_head":"<!-- This site is optimized with the Yoast SEO plugin v20.8 - https:\/\/yoast.com\/wordpress\/plugins\/seo\/ -->\n<title>MINI DELICIES SALADES - La Forneria<\/title>\n<meta name=\"robots\" content=\"index, follow, max-snippet:-1, max-image-preview:large, max-video-preview:-1\" \/>\n<link rel=\"canonical\" href=\"https:\/\/laforneria.cat\/ca\/producto\/mini-delicies-salades\/\" \/>\n<meta property=\"og:locale\" content=\"ca_ES\" \/>\n<meta property=\"og:type\" content=\"article\" \/>\n<meta property=\"og:title\" content=\"MINI DELICIES SALADES - La Forneria\" \/>\n<meta property=\"og:description\" content=\"Petites delicies amb massa fullada amb diferents farciments salats (pernil dol\u00e7 i formatge, pat\u00e9, tonyina, salm\u00f3 i sobrassada). Cruixents i de gust intens, van decorats amb formatge, rosella, orenga, ametlla o s\u00e8sam.  &nbsp;  Cada dia es fornejen al nostre obrador per arribar a les vostres mans de la millor manera. Un caprici ideal per esmorzar, berenar o per qualsevol moment del dia.  &nbsp;  T&#039;ho enviem a domicili o si prefereixes pots recollir-ho a qualsevol de les nostres botigues de Sarri\u00e0 o les Corts. Consulta les condicions aqu\u00ed.\" \/>\n<meta property=\"og:url\" content=\"https:\/\/laforneria.cat\/ca\/producto\/mini-delicies-salades\/\" \/>\n<meta property=\"og:site_name\" content=\"La Forneria\" \/>\n<meta property=\"article:publisher\" content=\"https:\/\/www.facebook.com\/laforneriabcn\/\" \/>\n<meta property=\"article:modified_time\" content=\"2023-04-20T09:00:09+00:00\" \/>\n<meta property=\"og:image\" content=\"https:\/\/laforneria.cat\/wp-content\/uploads\/2021\/02\/LaForneria-F-37.jpg\" \/>\n\t<meta property=\"og:image:width\" content=\"1600\" \/>\n\t<meta property=\"og:image:height\" content=\"1066\" \/>\n\t<meta property=\"og:image:type\" content=\"image\/jpeg\" \/>\n<meta name=\"twitter:card\" content=\"summary_large_image\" \/>\n<script type=\"application\/ld+json\" class=\"yoast-schema-graph\">{\"@context\":\"https:\/\/schema.org\",\"@graph\":[{\"@type\":\"WebPage\",\"@id\":\"https:\/\/laforneria.cat\/ca\/producto\/mini-delicies-salades\/\",\"url\":\"https:\/\/laforneria.cat\/ca\/producto\/mini-delicies-salades\/\",\"name\":\"MINI DELICIES SALADES - La Forneria\",\"isPartOf\":{\"@id\":\"https:\/\/laforneria.cat\/#website\"},\"datePublished\":\"2020-09-17T10:47:23+00:00\",\"dateModified\":\"2023-04-20T09:00:09+00:00\",\"breadcrumb\":{\"@id\":\"https:\/\/laforneria.cat\/ca\/producto\/mini-delicies-salades\/#breadcrumb\"},\"inLanguage\":\"ca\",\"potentialAction\":[{\"@type\":\"ReadAction\",\"target\":[\"https:\/\/laforneria.cat\/ca\/producto\/mini-delicies-salades\/\"]}]},{\"@type\":\"BreadcrumbList\",\"@id\":\"https:\/\/laforneria.cat\/ca\/producto\/mini-delicies-salades\/#breadcrumb\",\"itemListElement\":[{\"@type\":\"ListItem\",\"position\":1,\"name\":\"Portada\",\"item\":\"https:\/\/laforneria.cat\/ca\/\"},{\"@type\":\"ListItem\",\"position\":2,\"name\":\"Catering Online\",\"item\":\"https:\/\/laforneria.cat\/ca\/shop\/\"},{\"@type\":\"ListItem\",\"position\":3,\"name\":\"MINI DELICIES SALADES\"}]},{\"@type\":\"WebSite\",\"@id\":\"https:\/\/laforneria.cat\/#website\",\"url\":\"https:\/\/laforneria.cat\/\",\"name\":\"La Forneria\",\"description\":\"Panader\u00eda, Cafeter\u00eda, Catering para celebraciones\",\"publisher\":{\"@id\":\"https:\/\/laforneria.cat\/#organization\"},\"potentialAction\":[{\"@type\":\"SearchAction\",\"target\":{\"@type\":\"EntryPoint\",\"urlTemplate\":\"https:\/\/laforneria.cat\/?s={search_term_string}\"},\"query-input\":\"required name=search_term_string\"}],\"inLanguage\":\"ca\"},{\"@type\":\"Organization\",\"@id\":\"https:\/\/laforneria.cat\/#organization\",\"name\":\"La Forneria\",\"url\":\"https:\/\/laforneria.cat\/\",\"logo\":{\"@type\":\"ImageObject\",\"inLanguage\":\"ca\",\"@id\":\"https:\/\/laforneria.cat\/#\/schema\/logo\/image\/\",\"url\":\"https:\/\/laforneria.cat\/wp-content\/uploads\/2018\/09\/Logo_LaForneria.png\",\"contentUrl\":\"https:\/\/laforneria.cat\/wp-content\/uploads\/2018\/09\/Logo_LaForneria.png\",\"width\":2427,\"height\":452,\"caption\":\"La Forneria\"},\"image\":{\"@id\":\"https:\/\/laforneria.cat\/#\/schema\/logo\/image\/\"},\"sameAs\":[\"https:\/\/www.facebook.com\/laforneriabcn\/\"]}]}<\/script>\n<!-- \/ Yoast SEO plugin. -->","yoast_head_json":{"title":"MINI DELICIES SALADES - La Forneria","robots":{"index":"index","follow":"follow","max-snippet":"max-snippet:-1","max-image-preview":"max-image-preview:large","max-video-preview":"max-video-preview:-1"},"canonical":"https:\/\/laforneria.cat\/ca\/producto\/mini-delicies-salades\/","og_locale":"ca_ES","og_type":"article","og_title":"MINI DELICIES SALADES - La Forneria","og_description":"Petites delicies amb massa fullada amb diferents farciments salats (pernil dol\u00e7 i formatge, pat\u00e9, tonyina, salm\u00f3 i sobrassada). Cruixents i de gust intens, van decorats amb formatge, rosella, orenga, ametlla o s\u00e8sam.  &nbsp;  Cada dia es fornejen al nostre obrador per arribar a les vostres mans de la millor manera. Un caprici ideal per esmorzar, berenar o per qualsevol moment del dia.  &nbsp;  T'ho enviem a domicili o si prefereixes pots recollir-ho a qualsevol de les nostres botigues de Sarri\u00e0 o les Corts. Consulta les condicions aqu\u00ed.","og_url":"https:\/\/laforneria.cat\/ca\/producto\/mini-delicies-salades\/","og_site_name":"La Forneria","article_publisher":"https:\/\/www.facebook.com\/laforneriabcn\/","article_modified_time":"2023-04-20T09:00:09+00:00","og_image":[{"width":1600,"height":1066,"url":"https:\/\/laforneria.cat\/wp-content\/uploads\/2021\/02\/LaForneria-F-37.jpg","type":"image\/jpeg"}],"twitter_card":"summary_large_image","schema":{"@context":"https:\/\/schema.org","@graph":[{"@type":"WebPage","@id":"https:\/\/laforneria.cat\/ca\/producto\/mini-delicies-salades\/","url":"https:\/\/laforneria.cat\/ca\/producto\/mini-delicies-salades\/","name":"MINI DELICIES SALADES - La Forneria","isPartOf":{"@id":"https:\/\/laforneria.cat\/#website"},"datePublished":"2020-09-17T10:47:23+00:00","dateModified":"2023-04-20T09:00:09+00:00","breadcrumb":{"@id":"https:\/\/laforneria.cat\/ca\/producto\/mini-delicies-salades\/#breadcrumb"},"inLanguage":"ca","potentialAction":[{"@type":"ReadAction","target":["https:\/\/laforneria.cat\/ca\/producto\/mini-delicies-salades\/"]}]},{"@type":"BreadcrumbList","@id":"https:\/\/laforneria.cat\/ca\/producto\/mini-delicies-salades\/#breadcrumb","itemListElement":[{"@type":"ListItem","position":1,"name":"Portada","item":"https:\/\/laforneria.cat\/ca\/"},{"@type":"ListItem","position":2,"name":"Catering Online","item":"https:\/\/laforneria.cat\/ca\/shop\/"},{"@type":"ListItem","position":3,"name":"MINI DELICIES SALADES"}]},{"@type":"WebSite","@id":"https:\/\/laforneria.cat\/#website","url":"https:\/\/laforneria.cat\/","name":"La Forneria","description":"Panader\u00eda, Cafeter\u00eda, Catering para celebraciones","publisher":{"@id":"https:\/\/laforneria.cat\/#organization"},"potentialAction":[{"@type":"SearchAction","target":{"@type":"EntryPoint","urlTemplate":"https:\/\/laforneria.cat\/?s={search_term_string}"},"query-input":"required name=search_term_string"}],"inLanguage":"ca"},{"@type":"Organization","@id":"https:\/\/laforneria.cat\/#organization","name":"La Forneria","url":"https:\/\/laforneria.cat\/","logo":{"@type":"ImageObject","inLanguage":"ca","@id":"https:\/\/laforneria.cat\/#\/schema\/logo\/image\/","url":"https:\/\/laforneria.cat\/wp-content\/uploads\/2018\/09\/Logo_LaForneria.png","contentUrl":"https:\/\/laforneria.cat\/wp-content\/uploads\/2018\/09\/Logo_LaForneria.png","width":2427,"height":452,"caption":"La Forneria"},"image":{"@id":"https:\/\/laforneria.cat\/#\/schema\/logo\/image\/"},"sameAs":["https:\/\/www.facebook.com\/laforneriabcn\/"]}]}},"_links":{"self":[{"href":"https:\/\/laforneria.cat\/ca\/wp-json\/wp\/v2\/product\/26557"}],"collection":[{"href":"https:\/\/laforneria.cat\/ca\/wp-json\/wp\/v2\/product"}],"about":[{"href":"https:\/\/laforneria.cat\/ca\/wp-json\/wp\/v2\/types\/product"}],"wp:featuredmedia":[{"embeddable":true,"href":"https:\/\/laforneria.cat\/ca\/wp-json\/wp\/v2\/media\/26810"}],"wp:attachment":[{"href":"https:\/\/laforneria.cat\/ca\/wp-json\/wp\/v2\/media?parent=26557"}],"wp:term":[{"taxonomy":"product_cat","embeddable":true,"href":"https:\/\/laforneria.cat\/ca\/wp-json\/wp\/v2\/product_cat?post=26557"},{"taxonomy":"product_tag","embeddable":true,"href":"https:\/\/laforneria.cat\/ca\/wp-json\/wp\/v2\/product_tag?post=26557"}],"curies":[{"name":"wp","href":"https:\/\/api.w.org\/{rel}","templated":true}]}}