{"id":26445,"date":"2020-09-17T12:46:53","date_gmt":"2020-09-17T10:46:53","guid":{"rendered":"https:\/\/laforneria.cat\/catering\/filiprims-de-llavors\/"},"modified":"2025-06-30T18:10:02","modified_gmt":"2025-06-30T16:10:02","slug":"filiprims-de-llavors","status":"publish","type":"product","link":"https:\/\/laforneria.cat\/ca\/producto\/filiprims-de-llavors\/","title":{"rendered":"FILIPRIMS DE LLAVORS"},"content":{"rendered":"<p><strong>Embotit normal:<\/strong> Consta de filiprims de pernil dol\u00e7, pernil salat, botifarra, llom embutxat, gall d&#8217;indi, fuet o formatge.\u00a0Si tens alguna prefer\u00e8ncia ho pots indicar a l&#8217;apartat comentaris i farem tot el possible per fer-ho.<\/p>\n<p><strong>Ib\u00e8ric variat:<\/strong> Aquests entrepans consten de pernil ib\u00e8ric, xori\u00e7o ib\u00e8ric i llonganissa ib\u00e8rica.<\/p>\n<p><strong>Pernil ib\u00e8ric:<\/strong> Tots els entrepans porten pernil ib\u00e8ric, espatlla de gla 100% iberica.<\/p>\n<p>&nbsp;<\/p>\n<p>Sens dubte una opci\u00f3 ideal que no pot faltar a la teva comanda de c\u00e0tering de pa i pastisseria artesanal a Barcelona.<\/p>\n<p>&nbsp;<\/p>\n<p><span style=\"text-decoration: underline\"><strong>Informaci\u00f3 al\u00b7l\u00e8rgens<\/strong><\/span><\/p>\n<p>Gluten&#8230;&#8230;&#8230;&#8230;&#8230;&#8230;&#8230;&#8230;&#8230;&#8230;&#8230;&#8230;. S\u00ed<br \/>\nS\u00e8sam&#8230;&#8230;&#8230;&#8230;&#8230;&#8230;&#8230;&#8230;&#8230;&#8230;&#8230;&#8230;.. S\u00ed<br \/>\nFruits de closca&#8230;&#8230;&#8230;&#8230;&#8230;&#8230;&#8230;. No<br \/>\nLlet i lactosa&#8230;&#8230;&#8230;&#8230;&#8230;&#8230;&#8230;&#8230;&#8230; No<br \/>\nSoja&#8230;&#8230;&#8230;&#8230;&#8230;&#8230;&#8230;&#8230;&#8230;&#8230;&#8230;&#8230;&#8230;&#8230; No<br \/>\nMostassa&#8230;&#8230;&#8230;&#8230;&#8230;&#8230;&#8230;&#8230;&#8230;&#8230;&#8230; No<br \/>\nOu i derivats&#8230;&#8230;&#8230;&#8230;&#8230;&#8230;&#8230;&#8230;&#8230; No<br \/>\nPeix i derivats&#8230;&#8230;&#8230;&#8230;&#8230;&#8230;&#8230;&#8230;. No<\/p>\n<p>Pot contenir traces d&#8217;ous, llet i derivats, s\u00e8sam, fruits\u00a0de clofolla, i soja.<\/p>\n","protected":false},"excerpt":{"rendered":"<p>Una selecci\u00f3 dels nostres filiprims decorats amb diferents llavors o amb farina. Es tracta de les cl\u00e0ssiques flautes en versi\u00f3 La Forneria, ideals per esmorzar o berenar.<\/p>\n<p>&nbsp;<\/p>\n<p>Els filiprims es poden demanar d&#8217;embotits variats (pernil dol\u00e7, pernil salat, botifarra, gall d&#8217;indi, fuet o formatge), d&#8217;embotits ib\u00e8rics variats (llom ib\u00e8ric, xori\u00e7o ib\u00e8ric i llonganissa ib\u00e8rica) o pernil ib\u00e8ric.<\/p>\n<p>&nbsp;<\/p>\n<p><em><strong>T&#8217;ho enviem a domicili o si prefereixes pots recollir-ho a qualsevol de les nostres botigues de Sarri\u00e0 o les Corts. Consulta les <a href=\"https:\/\/laforneria.cat\/ca\/terminos-y-condiciones\/\">condicions aqu\u00ed<\/a>.<\/strong><\/em><\/p>\n","protected":false},"featured_media":26728,"template":"","meta":[],"product_cat":[383,266],"product_tag":[],"yoast_head":"<!-- This site is optimized with the Yoast SEO plugin v20.8 - https:\/\/yoast.com\/wordpress\/plugins\/seo\/ -->\n<title>FILIPRIMS DE LLAVORS - La Forneria<\/title>\n<meta name=\"robots\" content=\"index, follow, max-snippet:-1, max-image-preview:large, max-video-preview:-1\" \/>\n<link rel=\"canonical\" href=\"https:\/\/laforneria.cat\/ca\/producto\/filiprims-de-llavors\/\" \/>\n<meta property=\"og:locale\" content=\"ca_ES\" \/>\n<meta property=\"og:type\" content=\"article\" \/>\n<meta property=\"og:title\" content=\"FILIPRIMS DE LLAVORS - La Forneria\" \/>\n<meta property=\"og:description\" content=\"Una selecci\u00f3 dels nostres filiprims decorats amb diferents llavors o amb farina. Es tracta de les cl\u00e0ssiques flautes en versi\u00f3 La Forneria, ideals per esmorzar o berenar.  &nbsp;  Els filiprims es poden demanar d&#039;embotits variats (pernil dol\u00e7, pernil salat, botifarra, gall d&#039;indi, fuet o formatge), d&#039;embotits ib\u00e8rics variats (llom ib\u00e8ric, xori\u00e7o ib\u00e8ric i llonganissa ib\u00e8rica) o pernil ib\u00e8ric.  &nbsp;  T&#039;ho enviem a domicili o si prefereixes pots recollir-ho a qualsevol de les nostres botigues de Sarri\u00e0 o les Corts. Consulta les condicions aqu\u00ed.\" \/>\n<meta property=\"og:url\" content=\"https:\/\/laforneria.cat\/ca\/producto\/filiprims-de-llavors\/\" \/>\n<meta property=\"og:site_name\" content=\"La Forneria\" \/>\n<meta property=\"article:publisher\" content=\"https:\/\/www.facebook.com\/laforneriabcn\/\" \/>\n<meta property=\"article:modified_time\" content=\"2025-06-30T16:10:02+00:00\" \/>\n<meta property=\"og:image\" content=\"https:\/\/laforneria.cat\/wp-content\/uploads\/2021\/02\/LaForneria-F-4.jpg\" \/>\n\t<meta property=\"og:image:width\" content=\"1600\" \/>\n\t<meta property=\"og:image:height\" content=\"1067\" \/>\n\t<meta property=\"og:image:type\" content=\"image\/jpeg\" \/>\n<meta name=\"twitter:card\" content=\"summary_large_image\" \/>\n<script type=\"application\/ld+json\" class=\"yoast-schema-graph\">{\"@context\":\"https:\/\/schema.org\",\"@graph\":[{\"@type\":\"WebPage\",\"@id\":\"https:\/\/laforneria.cat\/ca\/producto\/filiprims-de-llavors\/\",\"url\":\"https:\/\/laforneria.cat\/ca\/producto\/filiprims-de-llavors\/\",\"name\":\"FILIPRIMS DE LLAVORS - La Forneria\",\"isPartOf\":{\"@id\":\"https:\/\/laforneria.cat\/#website\"},\"datePublished\":\"2020-09-17T10:46:53+00:00\",\"dateModified\":\"2025-06-30T16:10:02+00:00\",\"breadcrumb\":{\"@id\":\"https:\/\/laforneria.cat\/ca\/producto\/filiprims-de-llavors\/#breadcrumb\"},\"inLanguage\":\"ca\",\"potentialAction\":[{\"@type\":\"ReadAction\",\"target\":[\"https:\/\/laforneria.cat\/ca\/producto\/filiprims-de-llavors\/\"]}]},{\"@type\":\"BreadcrumbList\",\"@id\":\"https:\/\/laforneria.cat\/ca\/producto\/filiprims-de-llavors\/#breadcrumb\",\"itemListElement\":[{\"@type\":\"ListItem\",\"position\":1,\"name\":\"Portada\",\"item\":\"https:\/\/laforneria.cat\/ca\/\"},{\"@type\":\"ListItem\",\"position\":2,\"name\":\"Catering Online\",\"item\":\"https:\/\/laforneria.cat\/ca\/shop\/\"},{\"@type\":\"ListItem\",\"position\":3,\"name\":\"FILIPRIMS DE LLAVORS\"}]},{\"@type\":\"WebSite\",\"@id\":\"https:\/\/laforneria.cat\/#website\",\"url\":\"https:\/\/laforneria.cat\/\",\"name\":\"La Forneria\",\"description\":\"Panader\u00eda, Cafeter\u00eda, Catering para celebraciones\",\"publisher\":{\"@id\":\"https:\/\/laforneria.cat\/#organization\"},\"potentialAction\":[{\"@type\":\"SearchAction\",\"target\":{\"@type\":\"EntryPoint\",\"urlTemplate\":\"https:\/\/laforneria.cat\/?s={search_term_string}\"},\"query-input\":\"required name=search_term_string\"}],\"inLanguage\":\"ca\"},{\"@type\":\"Organization\",\"@id\":\"https:\/\/laforneria.cat\/#organization\",\"name\":\"La Forneria\",\"url\":\"https:\/\/laforneria.cat\/\",\"logo\":{\"@type\":\"ImageObject\",\"inLanguage\":\"ca\",\"@id\":\"https:\/\/laforneria.cat\/#\/schema\/logo\/image\/\",\"url\":\"https:\/\/laforneria.cat\/wp-content\/uploads\/2018\/09\/Logo_LaForneria.png\",\"contentUrl\":\"https:\/\/laforneria.cat\/wp-content\/uploads\/2018\/09\/Logo_LaForneria.png\",\"width\":2427,\"height\":452,\"caption\":\"La Forneria\"},\"image\":{\"@id\":\"https:\/\/laforneria.cat\/#\/schema\/logo\/image\/\"},\"sameAs\":[\"https:\/\/www.facebook.com\/laforneriabcn\/\"]}]}<\/script>\n<!-- \/ Yoast SEO plugin. -->","yoast_head_json":{"title":"FILIPRIMS DE LLAVORS - La Forneria","robots":{"index":"index","follow":"follow","max-snippet":"max-snippet:-1","max-image-preview":"max-image-preview:large","max-video-preview":"max-video-preview:-1"},"canonical":"https:\/\/laforneria.cat\/ca\/producto\/filiprims-de-llavors\/","og_locale":"ca_ES","og_type":"article","og_title":"FILIPRIMS DE LLAVORS - La Forneria","og_description":"Una selecci\u00f3 dels nostres filiprims decorats amb diferents llavors o amb farina. Es tracta de les cl\u00e0ssiques flautes en versi\u00f3 La Forneria, ideals per esmorzar o berenar.  &nbsp;  Els filiprims es poden demanar d'embotits variats (pernil dol\u00e7, pernil salat, botifarra, gall d'indi, fuet o formatge), d'embotits ib\u00e8rics variats (llom ib\u00e8ric, xori\u00e7o ib\u00e8ric i llonganissa ib\u00e8rica) o pernil ib\u00e8ric.  &nbsp;  T'ho enviem a domicili o si prefereixes pots recollir-ho a qualsevol de les nostres botigues de Sarri\u00e0 o les Corts. Consulta les condicions aqu\u00ed.","og_url":"https:\/\/laforneria.cat\/ca\/producto\/filiprims-de-llavors\/","og_site_name":"La Forneria","article_publisher":"https:\/\/www.facebook.com\/laforneriabcn\/","article_modified_time":"2025-06-30T16:10:02+00:00","og_image":[{"width":1600,"height":1067,"url":"https:\/\/laforneria.cat\/wp-content\/uploads\/2021\/02\/LaForneria-F-4.jpg","type":"image\/jpeg"}],"twitter_card":"summary_large_image","schema":{"@context":"https:\/\/schema.org","@graph":[{"@type":"WebPage","@id":"https:\/\/laforneria.cat\/ca\/producto\/filiprims-de-llavors\/","url":"https:\/\/laforneria.cat\/ca\/producto\/filiprims-de-llavors\/","name":"FILIPRIMS DE LLAVORS - La Forneria","isPartOf":{"@id":"https:\/\/laforneria.cat\/#website"},"datePublished":"2020-09-17T10:46:53+00:00","dateModified":"2025-06-30T16:10:02+00:00","breadcrumb":{"@id":"https:\/\/laforneria.cat\/ca\/producto\/filiprims-de-llavors\/#breadcrumb"},"inLanguage":"ca","potentialAction":[{"@type":"ReadAction","target":["https:\/\/laforneria.cat\/ca\/producto\/filiprims-de-llavors\/"]}]},{"@type":"BreadcrumbList","@id":"https:\/\/laforneria.cat\/ca\/producto\/filiprims-de-llavors\/#breadcrumb","itemListElement":[{"@type":"ListItem","position":1,"name":"Portada","item":"https:\/\/laforneria.cat\/ca\/"},{"@type":"ListItem","position":2,"name":"Catering Online","item":"https:\/\/laforneria.cat\/ca\/shop\/"},{"@type":"ListItem","position":3,"name":"FILIPRIMS DE LLAVORS"}]},{"@type":"WebSite","@id":"https:\/\/laforneria.cat\/#website","url":"https:\/\/laforneria.cat\/","name":"La Forneria","description":"Panader\u00eda, Cafeter\u00eda, Catering para celebraciones","publisher":{"@id":"https:\/\/laforneria.cat\/#organization"},"potentialAction":[{"@type":"SearchAction","target":{"@type":"EntryPoint","urlTemplate":"https:\/\/laforneria.cat\/?s={search_term_string}"},"query-input":"required name=search_term_string"}],"inLanguage":"ca"},{"@type":"Organization","@id":"https:\/\/laforneria.cat\/#organization","name":"La Forneria","url":"https:\/\/laforneria.cat\/","logo":{"@type":"ImageObject","inLanguage":"ca","@id":"https:\/\/laforneria.cat\/#\/schema\/logo\/image\/","url":"https:\/\/laforneria.cat\/wp-content\/uploads\/2018\/09\/Logo_LaForneria.png","contentUrl":"https:\/\/laforneria.cat\/wp-content\/uploads\/2018\/09\/Logo_LaForneria.png","width":2427,"height":452,"caption":"La Forneria"},"image":{"@id":"https:\/\/laforneria.cat\/#\/schema\/logo\/image\/"},"sameAs":["https:\/\/www.facebook.com\/laforneriabcn\/"]}]}},"_links":{"self":[{"href":"https:\/\/laforneria.cat\/ca\/wp-json\/wp\/v2\/product\/26445"}],"collection":[{"href":"https:\/\/laforneria.cat\/ca\/wp-json\/wp\/v2\/product"}],"about":[{"href":"https:\/\/laforneria.cat\/ca\/wp-json\/wp\/v2\/types\/product"}],"wp:featuredmedia":[{"embeddable":true,"href":"https:\/\/laforneria.cat\/ca\/wp-json\/wp\/v2\/media\/26728"}],"wp:attachment":[{"href":"https:\/\/laforneria.cat\/ca\/wp-json\/wp\/v2\/media?parent=26445"}],"wp:term":[{"taxonomy":"product_cat","embeddable":true,"href":"https:\/\/laforneria.cat\/ca\/wp-json\/wp\/v2\/product_cat?post=26445"},{"taxonomy":"product_tag","embeddable":true,"href":"https:\/\/laforneria.cat\/ca\/wp-json\/wp\/v2\/product_tag?post=26445"}],"curies":[{"name":"wp","href":"https:\/\/api.w.org\/{rel}","templated":true}]}}