{"id":27970,"date":"2023-01-25T10:39:42","date_gmt":"2023-01-25T09:39:42","guid":{"rendered":"https:\/\/laforneria.cat\/obrador\/"},"modified":"2023-04-13T16:25:14","modified_gmt":"2023-04-13T14:25:14","slug":"obrador","status":"publish","type":"page","link":"https:\/\/laforneria.cat\/ca\/obrador\/","title":{"rendered":"L&#8217;Obrador"},"content":{"rendered":"<p>[vc_row content_aligment=&#8221;center&#8221; css=&#8221;.vc_custom_1674640606141{background-color: #f0f2f5 !important;}&#8221;][vc_column width=&#8221;1\/6&#8243;][\/vc_column][vc_column width=&#8221;2\/3&#8243;][vc_empty_space height=&#8221;80&#8243;][vc_column_text]<\/p>\n<h2 style=\"font-size: 20px; line-height: 24px !important; color: #333; font-family: Oswald; text-transform: uppercase !important;\">Un obrador tradicional ple d\u2019enamorats DE l\u2019ofici<\/h2>\n<p>[\/vc_column_text][vc_empty_space height=&#8221;10&#8243;][vc_column_text]<\/p>\n<h1 style=\"color: #cf9152;\">Amassem el pa com s\u2019ha fet tota la vida<\/h1>\n<p>[\/vc_column_text][vc_empty_space height=&#8221;20&#8243;][\/vc_column][vc_column width=&#8221;1\/6&#8243;][\/vc_column][\/vc_row][vc_row content_aligment=&#8221;center&#8221; css=&#8221;.vc_custom_1674640606141{background-color: #f0f2f5 !important;}&#8221;][vc_column width=&#8221;1\/4&#8243;][\/vc_column][vc_column width=&#8221;1\/2&#8243;][vc_column_text]Al nostre obrador treballem a diari amb ingredients de la millor qualitat per a produir pa sense presses, <strong>respectant els processos de fermentaci\u00f3 tradicionals de tota la vida.<\/strong>[\/vc_column_text][vc_empty_space height=&#8221;80&#8243;][\/vc_column][vc_column width=&#8221;1\/4&#8243;][\/vc_column][\/vc_row][vc_row content_width=&#8221;grid&#8221;][vc_column width=&#8221;1\/3&#8243;][vc_single_image image=&#8221;27951&#8243; img_size=&#8221;full&#8221; css_animation=&#8221;fadeIn&#8221;][\/vc_column][vc_column width=&#8221;1\/3&#8243;][vc_single_image image=&#8221;27954&#8243; img_size=&#8221;full&#8221; css_animation=&#8221;fadeIn&#8221;][\/vc_column][vc_column width=&#8221;1\/3&#8243;][vc_single_image image=&#8221;27956&#8243; img_size=&#8221;full&#8221; css_animation=&#8221;fadeIn&#8221;][\/vc_column][\/vc_row][vc_row][vc_column][vc_empty_space height=&#8221;80px&#8221;][\/vc_column][\/vc_row][vc_row content_width=&#8221;grid&#8221;][vc_column width=&#8221;1\/2&#8243;][vc_column_text]Tots els nostres pans estan fets amb massa mare 100% natural i llargues fermentacions que els aporten aquesta aroma i sabor caracter\u00edstic que diferencia a La Forneria. Un pa esponj\u00f3s per dins i cruixent per fora requereix de temps, esfor\u00e7 i dedicaci\u00f3, per\u00f2 tamb\u00e9 d&#8217;ingredients de primera qualitat.[\/vc_column_text][\/vc_column][vc_column width=&#8221;1\/2&#8243;][vc_column_text]A l&#8217;obrador de La Forneria utilitzem les mateixes t\u00e8cniques que usaven els nostres avantpassats i les combinem amb m\u00e8todes i processos moderns per a reinventar-nos constantment. I tot gr\u00e0cies a la nostra fundadora, l&#8217;\u00e0via Caterina. <strong><a href=\"https:\/\/laforneria.cat\/ca\/qui-som\/\" target=\"_blank\" rel=\"noopener\">Coneixes els nostres or\u00edgens?<\/a><\/strong>[\/vc_column_text][\/vc_column][\/vc_row][vc_row][vc_column][vc_empty_space height=&#8221;80px&#8221;][\/vc_column][\/vc_row][vc_row content_width=&#8221;grid&#8221;][vc_column width=&#8221;1\/2&#8243;][vc_single_image image=&#8221;27966&#8243; img_size=&#8221;full&#8221; css_animation=&#8221;fadeIn&#8221;][\/vc_column][vc_column width=&#8221;1\/2&#8243; css=&#8221;.vc_custom_1676387012899{padding-right: 10% !important;padding-left: 10% !important;}&#8221;][vc_empty_space height=&#8221;30px&#8221;][vc_column_text]<\/p>\n<h3>Per qu\u00e8 tothom parla de massa mare?<\/h3>\n<p>[\/vc_column_text][vc_empty_space height=&#8221;40px&#8221;][vc_column_text]La massa mare \u00e9s un ferment b\u00e0sic fet amb aigua i farina i \u00e9s indiscutiblement<strong> la forma m\u00e9s antiga de fer pa<\/strong>.<\/p>\n<p>El proc\u00e9s de fermentaci\u00f3 \u00e9s clau per a enfornar un pa de la millor qualitat. Una petita difer\u00e8ncia en el temps de fermentaci\u00f3 o en la temperatura ambient durant aquest proc\u00e9s pot afectar directament la qualitat del producte.<\/p>\n<p>Per aix\u00f2 a La Forneria confiem que l&#8217;\u00e8xit es troba en l&#8217;equilibri. Nom\u00e9s aix\u00ed podem oferir-te <strong>pans cruixents i tendres\u00a0acabats de coure di\u00e0riament per a tu i els teus.<\/strong>[\/vc_column_text][\/vc_column][\/vc_row][vc_row][vc_column][vc_empty_space height=&#8221;80px&#8221;][\/vc_column][\/vc_row][vc_row content_width=&#8221;grid&#8221;][vc_column width=&#8221;1\/2&#8243;][vc_empty_space height=&#8221;30px&#8221;][vc_column_text]<\/p>\n<h3>Quina \u00e9s la hist\u00f2ria del nostre obrador?<\/h3>\n<p>[\/vc_column_text][vc_empty_space height=&#8221;40px&#8221;][vc_column_text]L&#8217;obrador de La Forneria est\u00e0 en marxa des de fa m\u00e9s de 100 anys. En concret, <strong>el primer forn el va inaugurar l&#8217;\u00e0via Caterina l&#8217;any 1911 al barri del Raval<\/strong>. Gr\u00e0cies als esfor\u00e7os de la Caterina i tamb\u00e9 dels seus fills, i m\u00e9s endavant, als seus n\u00e9ts i rebesnets, a dia d&#8217;avui La Forneria la gestiona la <strong>5\u00aa generaci\u00f3 de la familia<\/strong>.<\/p>\n<p>Per a nosaltres \u00e9s un orgull poder seguir oferint productes de la millor qualitat, frescos, naturals i fets amb tota la dedicaci\u00f3 de la nostra familia any rere any, d\u00e8cada rere d\u00e8cada.<\/p>\n<p>A la fotografia es veu un <strong>forn de llenya giratori que va ser una gran innovaci\u00f3 per a nosaltres l&#8217;any 1958<\/strong>, despr\u00e9s d&#8217;haver treballat diversos anys amb un forn fix. Com ha canviat el m\u00f3n en nom\u00e9s uns anys![\/vc_column_text][\/vc_column][vc_column width=&#8221;1\/2&#8243; css=&#8221;.vc_custom_1676387012899{padding-right: 10% !important;padding-left: 10% !important;}&#8221;][vc_single_image image=&#8221;27964&#8243; img_size=&#8221;full&#8221; css_animation=&#8221;fadeIn&#8221;][\/vc_column][\/vc_row][vc_row][vc_column][vc_empty_space height=&#8221;100px&#8221;][\/vc_column][\/vc_row][vc_row header_style=&#8221;edgtf-light-header&#8221; content_aligment=&#8221;center&#8221; css=&#8221;.vc_custom_1676050151047{background-position: center !important;background-repeat: no-repeat !important;background-size: cover !important;}&#8221;][vc_column css_animation=&#8221;none&#8221; css=&#8221;.vc_custom_1676050168057{padding-right: 50px !important;padding-left: 50px !important;background-image: url(https:\/\/bake250.isdeveloping.com\/laforneria\/wp-content\/uploads\/2023\/02\/qui-som-lobrador-BG.jpg?id=27787) !important;background-position: center !important;background-repeat: no-repeat !important;background-size: cover !important;}&#8221;][vc_empty_space height=&#8221;50&#8243;][vc_column_text]<\/p>\n<h3 style=\"color: #fff;\">Tiendas<\/h3>\n<p>[\/vc_column_text][vc_empty_space height=&#8221;20&#8243;][vc_column_text]Si sents l\u2019olor de pa acabat de fer\u2026 <strong>Tens La Forneria a prop!<\/strong>[\/vc_column_text][vc_empty_space height=&#8221;20&#8243;][vc_btn title=&#8221;Coneix les nostres botigues&#8221; style=&#8221;gradient-custom&#8221; gradient_custom_color_1=&#8221;#ffffff&#8221; gradient_custom_color_2=&#8221;#ffffff&#8221; gradient_text_color=&#8221;#333333&#8243; shape=&#8221;square&#8221; i_align=&#8221;right&#8221; i_type=&#8221;material&#8221; i_icon_material=&#8221;vc-material vc-material-arrow_forward&#8221; add_icon=&#8221;true&#8221; link=&#8221;url:https%3A%2F%2Fbake250.isdeveloping.com%2Flaforneria%2Ftiendas%2F|title:Tiendas&#8221;][vc_empty_space height=&#8221;50&#8243;][\/vc_column][\/vc_row]<\/p>\n","protected":false},"excerpt":{"rendered":"<p>[vc_row content_aligment=&#8221;center&#8221; css=&#8221;.vc_custom_1674640606141{background-color: #f0f2f5 !important;}&#8221;][vc_column width=&#8221;1\/6&#8243;][\/vc_column][vc_column width=&#8221;2\/3&#8243;][vc_empty_space height=&#8221;80&#8243;][vc_column_text] Un obrador tradicional ple d\u2019enamorats DE l\u2019ofici [\/vc_column_text][vc_empty_space height=&#8221;10&#8243;][vc_column_text] Amassem el pa com s\u2019ha fet tota la vida [\/vc_column_text][vc_empty_space height=&#8221;20&#8243;][\/vc_column][vc_column width=&#8221;1\/6&#8243;][\/vc_column][\/vc_row][vc_row content_aligment=&#8221;center&#8221; css=&#8221;.vc_custom_1674640606141{background-color: #f0f2f5 !important;}&#8221;][vc_column width=&#8221;1\/4&#8243;][\/vc_column][vc_column width=&#8221;1\/2&#8243;][vc_column_text]Al nostre obrador treballem a diari amb ingredients de la millor&#8230;<\/p>\n","protected":false},"author":1,"featured_media":0,"parent":0,"menu_order":0,"comment_status":"closed","ping_status":"closed","template":"full-width.php","meta":[],"yoast_head":"<!-- This site is optimized with the Yoast SEO plugin v20.8 - https:\/\/yoast.com\/wordpress\/plugins\/seo\/ -->\n<title>El nostre obrador | M\u00e9s de 100 anys | La Forneria<\/title>\n<meta name=\"description\" content=\"L&#039;obrador de La Forneria porta m\u00e9s de 110 anys en funcionament. Tradici\u00f3 sense oblidar innovaci\u00f3 i sempre amb la mateixa passi\u00f3 del primer dia.\" \/>\n<meta name=\"robots\" content=\"index, follow, max-snippet:-1, max-image-preview:large, max-video-preview:-1\" \/>\n<link rel=\"canonical\" href=\"https:\/\/laforneria.cat\/ca\/obrador\/\" \/>\n<meta property=\"og:locale\" content=\"ca_ES\" \/>\n<meta property=\"og:type\" content=\"article\" \/>\n<meta property=\"og:title\" content=\"El nostre obrador | M\u00e9s de 100 anys | La Forneria\" \/>\n<meta property=\"og:description\" content=\"L&#039;obrador de La Forneria porta m\u00e9s de 110 anys en funcionament. Tradici\u00f3 sense oblidar innovaci\u00f3 i sempre amb la mateixa passi\u00f3 del primer dia.\" \/>\n<meta property=\"og:url\" content=\"https:\/\/laforneria.cat\/ca\/obrador\/\" \/>\n<meta property=\"og:site_name\" content=\"La Forneria\" \/>\n<meta property=\"article:publisher\" content=\"https:\/\/www.facebook.com\/laforneriabcn\/\" \/>\n<meta property=\"article:modified_time\" content=\"2023-04-13T14:25:14+00:00\" \/>\n<meta name=\"twitter:card\" content=\"summary_large_image\" \/>\n<script type=\"application\/ld+json\" class=\"yoast-schema-graph\">{\"@context\":\"https:\/\/schema.org\",\"@graph\":[{\"@type\":\"WebPage\",\"@id\":\"https:\/\/laforneria.cat\/ca\/obrador\/\",\"url\":\"https:\/\/laforneria.cat\/ca\/obrador\/\",\"name\":\"El nostre obrador | M\u00e9s de 100 anys | La Forneria\",\"isPartOf\":{\"@id\":\"https:\/\/laforneria.cat\/#website\"},\"datePublished\":\"2023-01-25T09:39:42+00:00\",\"dateModified\":\"2023-04-13T14:25:14+00:00\",\"description\":\"L'obrador de La Forneria porta m\u00e9s de 110 anys en funcionament. Tradici\u00f3 sense oblidar innovaci\u00f3 i sempre amb la mateixa passi\u00f3 del primer dia.\",\"breadcrumb\":{\"@id\":\"https:\/\/laforneria.cat\/ca\/obrador\/#breadcrumb\"},\"inLanguage\":\"ca\",\"potentialAction\":[{\"@type\":\"ReadAction\",\"target\":[\"https:\/\/laforneria.cat\/ca\/obrador\/\"]}]},{\"@type\":\"BreadcrumbList\",\"@id\":\"https:\/\/laforneria.cat\/ca\/obrador\/#breadcrumb\",\"itemListElement\":[{\"@type\":\"ListItem\",\"position\":1,\"name\":\"Portada\",\"item\":\"https:\/\/laforneria.cat\/ca\/\"},{\"@type\":\"ListItem\",\"position\":2,\"name\":\"L&#8217;Obrador\"}]},{\"@type\":\"WebSite\",\"@id\":\"https:\/\/laforneria.cat\/#website\",\"url\":\"https:\/\/laforneria.cat\/\",\"name\":\"La Forneria\",\"description\":\"Panader\u00eda, Cafeter\u00eda, Catering para celebraciones\",\"publisher\":{\"@id\":\"https:\/\/laforneria.cat\/#organization\"},\"potentialAction\":[{\"@type\":\"SearchAction\",\"target\":{\"@type\":\"EntryPoint\",\"urlTemplate\":\"https:\/\/laforneria.cat\/?s={search_term_string}\"},\"query-input\":\"required name=search_term_string\"}],\"inLanguage\":\"ca\"},{\"@type\":\"Organization\",\"@id\":\"https:\/\/laforneria.cat\/#organization\",\"name\":\"La Forneria\",\"url\":\"https:\/\/laforneria.cat\/\",\"logo\":{\"@type\":\"ImageObject\",\"inLanguage\":\"ca\",\"@id\":\"https:\/\/laforneria.cat\/#\/schema\/logo\/image\/\",\"url\":\"https:\/\/laforneria.cat\/wp-content\/uploads\/2018\/09\/Logo_LaForneria.png\",\"contentUrl\":\"https:\/\/laforneria.cat\/wp-content\/uploads\/2018\/09\/Logo_LaForneria.png\",\"width\":2427,\"height\":452,\"caption\":\"La Forneria\"},\"image\":{\"@id\":\"https:\/\/laforneria.cat\/#\/schema\/logo\/image\/\"},\"sameAs\":[\"https:\/\/www.facebook.com\/laforneriabcn\/\"]}]}<\/script>\n<!-- \/ Yoast SEO plugin. -->","yoast_head_json":{"title":"El nostre obrador | M\u00e9s de 100 anys | La Forneria","description":"L'obrador de La Forneria porta m\u00e9s de 110 anys en funcionament. Tradici\u00f3 sense oblidar innovaci\u00f3 i sempre amb la mateixa passi\u00f3 del primer dia.","robots":{"index":"index","follow":"follow","max-snippet":"max-snippet:-1","max-image-preview":"max-image-preview:large","max-video-preview":"max-video-preview:-1"},"canonical":"https:\/\/laforneria.cat\/ca\/obrador\/","og_locale":"ca_ES","og_type":"article","og_title":"El nostre obrador | M\u00e9s de 100 anys | La Forneria","og_description":"L'obrador de La Forneria porta m\u00e9s de 110 anys en funcionament. Tradici\u00f3 sense oblidar innovaci\u00f3 i sempre amb la mateixa passi\u00f3 del primer dia.","og_url":"https:\/\/laforneria.cat\/ca\/obrador\/","og_site_name":"La Forneria","article_publisher":"https:\/\/www.facebook.com\/laforneriabcn\/","article_modified_time":"2023-04-13T14:25:14+00:00","twitter_card":"summary_large_image","schema":{"@context":"https:\/\/schema.org","@graph":[{"@type":"WebPage","@id":"https:\/\/laforneria.cat\/ca\/obrador\/","url":"https:\/\/laforneria.cat\/ca\/obrador\/","name":"El nostre obrador | M\u00e9s de 100 anys | La Forneria","isPartOf":{"@id":"https:\/\/laforneria.cat\/#website"},"datePublished":"2023-01-25T09:39:42+00:00","dateModified":"2023-04-13T14:25:14+00:00","description":"L'obrador de La Forneria porta m\u00e9s de 110 anys en funcionament. Tradici\u00f3 sense oblidar innovaci\u00f3 i sempre amb la mateixa passi\u00f3 del primer dia.","breadcrumb":{"@id":"https:\/\/laforneria.cat\/ca\/obrador\/#breadcrumb"},"inLanguage":"ca","potentialAction":[{"@type":"ReadAction","target":["https:\/\/laforneria.cat\/ca\/obrador\/"]}]},{"@type":"BreadcrumbList","@id":"https:\/\/laforneria.cat\/ca\/obrador\/#breadcrumb","itemListElement":[{"@type":"ListItem","position":1,"name":"Portada","item":"https:\/\/laforneria.cat\/ca\/"},{"@type":"ListItem","position":2,"name":"L&#8217;Obrador"}]},{"@type":"WebSite","@id":"https:\/\/laforneria.cat\/#website","url":"https:\/\/laforneria.cat\/","name":"La Forneria","description":"Panader\u00eda, Cafeter\u00eda, Catering para celebraciones","publisher":{"@id":"https:\/\/laforneria.cat\/#organization"},"potentialAction":[{"@type":"SearchAction","target":{"@type":"EntryPoint","urlTemplate":"https:\/\/laforneria.cat\/?s={search_term_string}"},"query-input":"required name=search_term_string"}],"inLanguage":"ca"},{"@type":"Organization","@id":"https:\/\/laforneria.cat\/#organization","name":"La Forneria","url":"https:\/\/laforneria.cat\/","logo":{"@type":"ImageObject","inLanguage":"ca","@id":"https:\/\/laforneria.cat\/#\/schema\/logo\/image\/","url":"https:\/\/laforneria.cat\/wp-content\/uploads\/2018\/09\/Logo_LaForneria.png","contentUrl":"https:\/\/laforneria.cat\/wp-content\/uploads\/2018\/09\/Logo_LaForneria.png","width":2427,"height":452,"caption":"La Forneria"},"image":{"@id":"https:\/\/laforneria.cat\/#\/schema\/logo\/image\/"},"sameAs":["https:\/\/www.facebook.com\/laforneriabcn\/"]}]}},"_links":{"self":[{"href":"https:\/\/laforneria.cat\/ca\/wp-json\/wp\/v2\/pages\/27970"}],"collection":[{"href":"https:\/\/laforneria.cat\/ca\/wp-json\/wp\/v2\/pages"}],"about":[{"href":"https:\/\/laforneria.cat\/ca\/wp-json\/wp\/v2\/types\/page"}],"author":[{"embeddable":true,"href":"https:\/\/laforneria.cat\/ca\/wp-json\/wp\/v2\/users\/1"}],"replies":[{"embeddable":true,"href":"https:\/\/laforneria.cat\/ca\/wp-json\/wp\/v2\/comments?post=27970"}],"version-history":[{"count":4,"href":"https:\/\/laforneria.cat\/ca\/wp-json\/wp\/v2\/pages\/27970\/revisions"}],"predecessor-version":[{"id":28086,"href":"https:\/\/laforneria.cat\/ca\/wp-json\/wp\/v2\/pages\/27970\/revisions\/28086"}],"wp:attachment":[{"href":"https:\/\/laforneria.cat\/ca\/wp-json\/wp\/v2\/media?parent=27970"}],"curies":[{"name":"wp","href":"https:\/\/api.w.org\/{rel}","templated":true}]}}