{"id":27036,"date":"2021-04-08T13:56:17","date_gmt":"2021-04-08T11:56:17","guid":{"rendered":"https:\/\/laforneria.cat\/?page_id=27036"},"modified":"2021-04-09T12:09:03","modified_gmt":"2021-04-09T10:09:03","slug":"terminos-y-condiciones","status":"publish","type":"page","link":"https:\/\/laforneria.cat\/ca\/terminos-y-condiciones\/","title":{"rendered":"T\u00e9rminos y condiciones"},"content":{"rendered":"<p><strong>Terminos y Condiciones de Uso<\/strong><\/p>\n<p>Los presentes T\u00e9rminos y Condiciones (en adelante, \u00abT&amp;C\u00bb) reglamentan el servicio de compra online que permitir\u00e1 la contrataci\u00f3n de los productos y\/o servicios ofertados en el sitio web www.laforneria.cat (en adelante La Forneria). Padecava, S.A., (en adelante, La Forneria) es titular del Sitio Web y proveedor de los productos y\/o servicios que se comercializan a trav\u00e9s del mismo.<br \/>\nLa relaci\u00f3n contractual de compraventa implica la entrega, a cambio de un precio determinado expresamente en este Sitio Web, de un producto o servicio concreto.<\/p>\n<p>La compra a trav\u00e9s de este sitio web supone la adhesi\u00f3n a los T&amp;C en la versi\u00f3n publicada en el momento en que se acceda al Sitio Web, lo que implica que el Usuario:<\/p>\n<p style=\"padding-left: 40px;\">Ha le\u00eddo y comprende lo expuesto en el presente documento.<br \/>\nEs una persona con capacidad suficiente para contratar.<br \/>\nSe encarga de cumplir con las obligaciones recogidas en el escrito.<br \/>\nEl Usuario responde de la veracidad de los datos que facilite durante el proceso de compra online. Tambi\u00e9n, en caso de que la contrataci\u00f3n en este Sitio Web demande el registro del Usuario, \u00e9ste tiene plena responsabilidad sobre el uso y custodia del nombre de Usuario y contrase\u00f1a que se le facilite, respondiendo de los actos que con estos se realicen. El Usuario deber\u00e1 avisar al prestador, en cuanto tenga conocimiento de ello, sobre la p\u00e9rdida, revelaci\u00f3n o acceso no autorizado de un tercero a su \u00e1rea privada de Usuario registrado.<\/p>\n<p>La Forneria se reserva la facultad de modificar los presentes T&amp;C, sin que ello afecte a los productos o servicios que se hayan adquirido a trav\u00e9s del Sitio Web con anterioridad a dicha modificaci\u00f3n.<\/p>\n<p><strong>1. PEDIDOS Y CONDICIONES DE VENTA<\/strong><br \/>\nPara poder contratar un pedido, el Usuario deber\u00e1 ser mayor de 18 a\u00f1os.<\/p>\n<p>Para poder realizar el pedido, el Usuario deber\u00e1 facilitar todos los datos solicitados en el proceso de compra, que ser\u00e1n necesarios para atender correctamente el encargo.<\/p>\n<p>Para efectuar compras en el Sitio Web, y el servicio de entrega es a domicilio, es necesario que la direcci\u00f3n de recepci\u00f3n del paquete y la direcci\u00f3n de facturaci\u00f3n est\u00e9n localizadas en Barcelona provincia. En el resto del territorio no se realizan env\u00edos. Para realizar env\u00edos en el resto del territorio deber\u00e1s ponerte en contacto con el mail catering@laforneria.cat.<\/p>\n<p><strong>2. PRECIO, FORMA DE PAGO Y C\u00d3DIGOS DE DESCUENTO<\/strong><br \/>\nTodos los precios de los productos o servicios del Sitio Web incluyen el IVA y los restantes impuestos que pudieran ser de aplicaci\u00f3n. Siempre, los precios se expresar\u00e1n en Euros (\u20ac).<\/p>\n<p>Los precios mostrados para cada producto o servicio no incluyen los gastos de env\u00edo, seguro de env\u00edo o cualquier otro servicio adicional al producto o servicio adquirido, salvo que claramente se indique lo contrario. Cualquiera de estos gastos adicionales que sean de aplicaci\u00f3n ser\u00e1n anunciados al Usuario antes de oficializar la compra.<\/p>\n<p>Los precios aplicables a cada producto o servicio ser\u00e1n los publicados en el Sitio Web y aplicados de forma directa por el proceso de contrataci\u00f3n en la \u00faltima fase del mismo. El Usuario admite que la valoraci\u00f3n econ\u00f3mica de algunos de los productos o servicios ofrecidos podr\u00e1 variar en tiempo real. En cualquier caso, esto ser\u00e1 siempre comunicado con precedencia a la formalizaci\u00f3n de la compraventa.<\/p>\n<p>El Usuario se obliga a pagar en el momento de realizar el pedido, y podr\u00e1 pagar en cualquiera de los m\u00e9todos de pago especificados en el Sitio Web.<\/p>\n<p>A posteriori a que el pago sea efectuado, el Usuario recibir\u00e1 un e-mail de confirmaci\u00f3n del pedido, en el cual se incluir\u00e1 un resumen de los art\u00edculos adquiridos, la modalidad de env\u00edo solicitada y la direcci\u00f3n de destino.<\/p>\n<p>La Forneria podr\u00e1 proponer peri\u00f3dicamente c\u00f3digos de descuento a sus Usuarios. Dichos descuentos s\u00f3lo podr\u00e1n aplicarse conforme a las reglas especificadas por La Forneria con respecto a cada c\u00f3digo, y en todo caso los Usuarios s\u00f3lo podr\u00e1n utilizar un \u00fanico c\u00f3digo por pedido.<\/p>\n<p>Los usos de c\u00f3digos de descuentos no ser\u00e1n compatibles con determinadas acciones promocionales y colecciones.<\/p>\n<p><strong>3. PLAZO Y LUGAR DE ENTREGA<\/strong><br \/>\nLa Forneria entregar\u00e1 los pedidos en la direcci\u00f3n indicada por el Usuario en el correspondiente formulario de compra.<\/p>\n<p>La Forneria no asume responsabilidad alguna cuando la entrega de los pedidos no se realice como consecuencia de que los datos facilitados por el Usuario sean falsos, inexactos o incompletos, as\u00ed como por cualquier causa achacable al Usuario.<\/p>\n<p>La Forneria realizar\u00e1 todas las medidas necesarias para que la entrega pueda realizarse en el plazo acordado. La Forneria considera la confirmaci\u00f3n del pago, por cualquiera de los sistemas que est\u00e9n habilitados, una condici\u00f3n necesaria para poder mantener los plazos de entrega. A pesar de eso, los plazos que se indiquen al Usuario son una estimaci\u00f3n y es posible que var\u00eden por motivos de log\u00edstica o de fuerza mayor.<\/p>\n<p>Se podr\u00e1n consultar los plazos de entrega en el formulario de compra.<\/p>\n<p>La entrega se considerar\u00e1 efectuada a partir del momento en el cual La Forneria o la empresa de transportes contratada por \u00e9ste ponga el producto a disposici\u00f3n del Usuario.<\/p>\n<p><strong>4. CAMBIOS Y DEVOLUCIONES<\/strong><br \/>\nLa pol\u00edtica de cambios y devoluciones s\u00f3lo se aplica a aquellos productos comprados a trav\u00e9s de nuestro Sitio Web oficial.<\/p>\n<p style=\"padding-left: 40px;\"><strong>4.1 PRODUCTO DEFECTUOSO<\/strong><br \/>\nEn caso de tratarse de un producto defectuoso, deber\u00e1s ponerte en contacto con info@laforneria.cat y enviarnos una foto donde se muestre con claridad el desperfecto, y trataremos de verificar que el producto es realmente defectuoso.<\/p>\n<p style=\"padding-left: 40px;\"><strong>4.2 PEDIDO ERR\u00d3NEO<\/strong><br \/>\nEn caso de recibir un pedido que no se corresponde con lo que hab\u00edas comprado, deber\u00e1s ponerte en contacto con info@laforneria.cat y enviarnos una imagen donde se muestre todo lo que has recibido y el comprobante de pago y env\u00edo. Te daremos una soluci\u00f3n una vez verificado el contenido.<\/p>\n<p style=\"padding-left: 40px;\">En caso de que tengas que enviar el producto, La Forneria se har\u00e1 cargo de los costes de env\u00edo. En el mismo momento en que se verifique que dicho pedido era err\u00f3neo, se realizar\u00e1 el reembolso o cambio al Usuario afectado.<\/p>\n<p style=\"padding-left: 40px;\">El producto no debe haber sido utilizado y debe estar en su caja original con la funda y cualquier etiqueta que lo acompa\u00f1ara.<\/p>\n<p style=\"padding-left: 40px;\"><strong>4.3 CAMBIOS O DEVOLUCIONES DEL PEDIDO<\/strong><br \/>\nNo se admitir\u00e1n cambios o devoluciones una vez entregado el pedido. Para realizar cualquier cambio en el pedido es necesario ponerse en contacto con el mail catering@laforneria.cat como m\u00ednimo 24 horas antes de la entrega del pedido.<\/p>\n<p><strong>5. USO DEL SITIO WEB<\/strong><br \/>\nEl Sitio Web proporciona el acceso a contenidos en Internet pertenecientes a La Forneria a los que el Usuario pueda tener acceso. El Usuario asume la responsabilidad del uso del portal. Dicha responsabilidad se extiende al registro que fuese necesario para acceder a determinados servicios o contenidos. En este registro el Usuario ser\u00e1 responsable de aportar informaci\u00f3n veraz y l\u00edcita.<\/p>\n<p style=\"padding-left: 40px;\">El Usuario se responsabiliza a hacer un uso adecuado de los contenidos y servicios que La Forneria ofrece a trav\u00e9s de su Sitio Web y con car\u00e1cter enunciativo pero no limitativo, a no emplearlos para:<br \/>\n(I) incurrir en actividades il\u00edcitas, ilegales o contrarias a la buena fe y al orden p\u00fablico;<br \/>\n(II) difundir contenidos o propaganda de car\u00e1cter racista, xen\u00f3fobo, pornogr\u00e1fico-ilegal, de apolog\u00eda del terrorismo o atentatorio contra los derechos humanos;<br \/>\n(III) provocar da\u00f1os en los sistemas f\u00edsicos y l\u00f3gicos de La Forneria, de sus proveedores o de terceras personas, introducir o difundir en la red virus inform\u00e1ticos o cualesquiera otros sistemas f\u00edsicos o l\u00f3gicos que sean susceptibles de provocar los da\u00f1os anteriormente mencionados;<br \/>\n(IV) intentar acceder y, en su caso, utilizar las cuentas de correo electr\u00f3nico de otros Usuarios y modificar o manipular sus mensajes. La Forneria se reserva el derecho de borrar todos aquellos comentarios y aportaciones que vulneren el respeto a la dignidad de la persona, que sean discriminatorios, xen\u00f3fobos, racistas, pornogr\u00e1ficos, que atenten contra la juventud o la infancia, el orden o la seguridad p\u00fablica o que, a su juicio, no sean adecuados para su publicaci\u00f3n.<\/p>\n<p><strong>6. PROPIEDAD INTELECTUAL E INDUSTRIAL<\/strong><br \/>\nLa Forneria, por s\u00ed o como cesionaria, es poseedor de todos los derechos de propiedad intelectual e industrial de su p\u00e1gina web, as\u00ed como de los elementos contenidos en la misma (a t\u00edtulo enunciativo, im\u00e1genes, sonido, audio, v\u00eddeo, software o textos; marcas o logotipos, combinaciones de colores, estructura y dise\u00f1o, selecci\u00f3n de materiales usados, programas de ordenador necesarios para su funcionamiento, acceso y uso, etc.), titularidad de La Forneria o bien de sus licenciantes. Todos los derechos reservados. En virtud de lo dispuesto en los art\u00edculos 8 y 32.1, p\u00e1rrafo segundo, de la Ley de Propiedad Intelectual, quedan expresamente prohibidas la reproducci\u00f3n, la distribuci\u00f3n y la comunicaci\u00f3n p\u00fablica, incluida su modalidad de puesta a disposici\u00f3n, de la totalidad o parte de los contenidos de esta p\u00e1gina web, con fines comerciales, en cualquier soporte y por cualquier medio t\u00e9cnico, sin la autorizaci\u00f3n obligatoria de La Forneria. El Usuario se implica a respetar los derechos de Propiedad Intelectual e Industrial titularidad de La Forneria. Podr\u00e1 visualizar los elementos del portal e incluso imprimirlos, copiarlos y almacenarlos en el disco duro de su ordenador o en cualquier otro soporte f\u00edsico siempre y cuando sea, \u00fanica y exclusivamente, para su uso personal y privado. El Usuario deber\u00e1 abstenerse de suprimir, alterar, eludir o manipular cualquier dispositivo de protecci\u00f3n o sistema de seguridad que estuviera instalado en las p\u00e1ginas de La Forneria.<\/p>\n<p><strong>7. EXCLUSI\u00d3N DE GARANT\u00cdAS Y RESPONSABILIDAD<\/strong><br \/>\nLa Forneria no se hace responsable, en ning\u00fan caso, de los da\u00f1os y perjuicios de cualquier naturaleza que pudieran ocasionar, a t\u00edtulo enunciativo: errores u omisiones en los contenidos, falta de disponibilidad del portal o la transmisi\u00f3n de virus o programas maliciosos o lesivos en los contenidos, a pesar de haber tomado todas las medidas tecnol\u00f3gicas necesarias para evitarlo.<\/p>\n<p><strong>8. MODIFICACIONES<\/strong><br \/>\nLa Forneria se reserva el derecho de efectuar sin previo aviso los cambios que considere oportunas en su portal, pudiendo modificar, suprimir o a\u00f1adir tanto los contenidos y servicios que se presten a trav\u00e9s de la misma como la forma en la que \u00e9stos aparezcan presentados o localizados en su portal.<\/p>\n<p>La Forneria podr\u00e1 sustituir en cualquier momento las condiciones aqu\u00ed presentadas, siendo debidamente publicadas como aqu\u00ed aparecen. La vigencia de las citadas condiciones ir\u00e1 en funci\u00f3n de su exposici\u00f3n y estar\u00e1n vigentes hasta que sean modificadas por otras debidamente publicadas.<\/p>\n<p><strong>9. ENLACES E HIPERV\u00cdNCULOS<\/strong><br \/>\nEn el caso de que en el Sitio Web se habiliten enlaces o hiperv\u00ednculos hac\u00eda otros sitios de Internet, La Forneria no ejercer\u00e1 ning\u00fan tipo de control sobre dichos sitios y contenidos. En ning\u00fan caso La Forneria asumir\u00e1 responsabilidad alguna por los contenidos de alg\u00fan enlace perteneciente a un Sitio Web ajeno, ni garantizar\u00e1 la disponibilidad t\u00e9cnica, calidad, fiabilidad, exactitud, amplitud, veracidad, validez y constitucionalidad de cualquier material o informaci\u00f3n contenida en ninguno de dichos hiperv\u00ednculos u otros sitios de Internet. Asimismo, la inclusi\u00f3n de estas conexiones externas no implicar\u00e1 ning\u00fan tipo de asociaci\u00f3n, uni\u00f3n o colaboraci\u00f3n con las entidades conectadas.<\/p>\n<p><strong>10. GENERALIDADES<\/strong><br \/>\nLa Forneria perseguir\u00e1 el incumplimiento de las presentes condiciones, as\u00ed como cualquier utilizaci\u00f3n indebida de su portal practicando todas las acciones civiles y penales que le puedan corresponder en derecho.<\/p>\n<p><strong>11. NULIDAD PARCIAL<\/strong><br \/>\nEn caso de que cualquier Cl\u00e1usula de los presentes T&amp;C sea declarada nula, las dem\u00e1s Cl\u00e1usulas seguir\u00e1n vigentes y se interpretar\u00e1n teniendo en cuenta el esp\u00edritu de los presentes T&amp;C.<\/p>\n<p><strong>12. LEY APLICABLE Y JURISDICCI\u00d3N<\/strong><br \/>\nEstas condiciones se regir\u00e1n o entender\u00e1n conforme a la legislaci\u00f3n espa\u00f1ola en aquello que no est\u00e9 expresamente establecido.<\/p>\n<p>La Forneria y el Usuario acuerdan someter cualquier controversia que pudiera suscitarse de la prestaci\u00f3n de los productos o servicios a los Juzgados y Tribunales del domicilio de la parte compradora, si el Usuario es un consumidor final, o en su caso, a los Juzgados y Tribunales de Barcelona si el Usuario es una empresa.<\/p>\n","protected":false},"excerpt":{"rendered":"<p>Terminos y Condiciones de Uso Los presentes T\u00e9rminos y Condiciones (en adelante, \u00abT&amp;C\u00bb) reglamentan el servicio de compra online que permitir\u00e1 la contrataci\u00f3n de los productos y\/o servicios ofertados en el sitio web www.laforneria.cat (en adelante La Forneria). Padecava, S.A., (en adelante, La Forneria) es&#8230;<\/p>\n","protected":false},"author":1,"featured_media":0,"parent":0,"menu_order":0,"comment_status":"closed","ping_status":"closed","template":"","meta":[],"yoast_head":"<!-- This site is optimized with the Yoast SEO plugin v20.8 - https:\/\/yoast.com\/wordpress\/plugins\/seo\/ -->\n<title>T\u00e9rminos y condiciones - La Forneria<\/title>\n<meta name=\"robots\" content=\"index, follow, max-snippet:-1, max-image-preview:large, max-video-preview:-1\" \/>\n<link rel=\"canonical\" href=\"https:\/\/laforneria.cat\/ca\/terminos-y-condiciones\/\" \/>\n<meta property=\"og:locale\" content=\"ca_ES\" \/>\n<meta property=\"og:type\" content=\"article\" \/>\n<meta property=\"og:title\" content=\"T\u00e9rminos y condiciones - La Forneria\" \/>\n<meta property=\"og:description\" content=\"Terminos y Condiciones de Uso Los presentes T\u00e9rminos y Condiciones (en adelante, \u00abT&amp;C\u00bb) reglamentan el servicio de compra online que permitir\u00e1 la contrataci\u00f3n de los productos y\/o servicios ofertados en el sitio web www.laforneria.cat (en adelante La Forneria). Padecava, S.A., (en adelante, La Forneria) es...\" \/>\n<meta property=\"og:url\" content=\"https:\/\/laforneria.cat\/ca\/terminos-y-condiciones\/\" \/>\n<meta property=\"og:site_name\" content=\"La Forneria\" \/>\n<meta property=\"article:publisher\" content=\"https:\/\/www.facebook.com\/laforneriabcn\/\" \/>\n<meta property=\"article:modified_time\" content=\"2021-04-09T10:09:03+00:00\" \/>\n<meta name=\"twitter:card\" content=\"summary_large_image\" \/>\n<script type=\"application\/ld+json\" class=\"yoast-schema-graph\">{\"@context\":\"https:\/\/schema.org\",\"@graph\":[{\"@type\":\"WebPage\",\"@id\":\"https:\/\/laforneria.cat\/ca\/terminos-y-condiciones\/\",\"url\":\"https:\/\/laforneria.cat\/ca\/terminos-y-condiciones\/\",\"name\":\"T\u00e9rminos y condiciones - La Forneria\",\"isPartOf\":{\"@id\":\"https:\/\/laforneria.cat\/#website\"},\"datePublished\":\"2021-04-08T11:56:17+00:00\",\"dateModified\":\"2021-04-09T10:09:03+00:00\",\"breadcrumb\":{\"@id\":\"https:\/\/laforneria.cat\/ca\/terminos-y-condiciones\/#breadcrumb\"},\"inLanguage\":\"ca\",\"potentialAction\":[{\"@type\":\"ReadAction\",\"target\":[\"https:\/\/laforneria.cat\/ca\/terminos-y-condiciones\/\"]}]},{\"@type\":\"BreadcrumbList\",\"@id\":\"https:\/\/laforneria.cat\/ca\/terminos-y-condiciones\/#breadcrumb\",\"itemListElement\":[{\"@type\":\"ListItem\",\"position\":1,\"name\":\"Portada\",\"item\":\"https:\/\/laforneria.cat\/ca\/\"},{\"@type\":\"ListItem\",\"position\":2,\"name\":\"T\u00e9rminos y condiciones\"}]},{\"@type\":\"WebSite\",\"@id\":\"https:\/\/laforneria.cat\/#website\",\"url\":\"https:\/\/laforneria.cat\/\",\"name\":\"La Forneria\",\"description\":\"Panader\u00eda, Cafeter\u00eda, Catering para celebraciones\",\"publisher\":{\"@id\":\"https:\/\/laforneria.cat\/#organization\"},\"potentialAction\":[{\"@type\":\"SearchAction\",\"target\":{\"@type\":\"EntryPoint\",\"urlTemplate\":\"https:\/\/laforneria.cat\/?s={search_term_string}\"},\"query-input\":\"required name=search_term_string\"}],\"inLanguage\":\"ca\"},{\"@type\":\"Organization\",\"@id\":\"https:\/\/laforneria.cat\/#organization\",\"name\":\"La Forneria\",\"url\":\"https:\/\/laforneria.cat\/\",\"logo\":{\"@type\":\"ImageObject\",\"inLanguage\":\"ca\",\"@id\":\"https:\/\/laforneria.cat\/#\/schema\/logo\/image\/\",\"url\":\"https:\/\/laforneria.cat\/wp-content\/uploads\/2018\/09\/Logo_LaForneria.png\",\"contentUrl\":\"https:\/\/laforneria.cat\/wp-content\/uploads\/2018\/09\/Logo_LaForneria.png\",\"width\":2427,\"height\":452,\"caption\":\"La Forneria\"},\"image\":{\"@id\":\"https:\/\/laforneria.cat\/#\/schema\/logo\/image\/\"},\"sameAs\":[\"https:\/\/www.facebook.com\/laforneriabcn\/\"]}]}<\/script>\n<!-- \/ Yoast SEO plugin. -->","yoast_head_json":{"title":"T\u00e9rminos y condiciones - La Forneria","robots":{"index":"index","follow":"follow","max-snippet":"max-snippet:-1","max-image-preview":"max-image-preview:large","max-video-preview":"max-video-preview:-1"},"canonical":"https:\/\/laforneria.cat\/ca\/terminos-y-condiciones\/","og_locale":"ca_ES","og_type":"article","og_title":"T\u00e9rminos y condiciones - La Forneria","og_description":"Terminos y Condiciones de Uso Los presentes T\u00e9rminos y Condiciones (en adelante, \u00abT&amp;C\u00bb) reglamentan el servicio de compra online que permitir\u00e1 la contrataci\u00f3n de los productos y\/o servicios ofertados en el sitio web www.laforneria.cat (en adelante La Forneria). Padecava, S.A., (en adelante, La Forneria) es...","og_url":"https:\/\/laforneria.cat\/ca\/terminos-y-condiciones\/","og_site_name":"La Forneria","article_publisher":"https:\/\/www.facebook.com\/laforneriabcn\/","article_modified_time":"2021-04-09T10:09:03+00:00","twitter_card":"summary_large_image","schema":{"@context":"https:\/\/schema.org","@graph":[{"@type":"WebPage","@id":"https:\/\/laforneria.cat\/ca\/terminos-y-condiciones\/","url":"https:\/\/laforneria.cat\/ca\/terminos-y-condiciones\/","name":"T\u00e9rminos y condiciones - La Forneria","isPartOf":{"@id":"https:\/\/laforneria.cat\/#website"},"datePublished":"2021-04-08T11:56:17+00:00","dateModified":"2021-04-09T10:09:03+00:00","breadcrumb":{"@id":"https:\/\/laforneria.cat\/ca\/terminos-y-condiciones\/#breadcrumb"},"inLanguage":"ca","potentialAction":[{"@type":"ReadAction","target":["https:\/\/laforneria.cat\/ca\/terminos-y-condiciones\/"]}]},{"@type":"BreadcrumbList","@id":"https:\/\/laforneria.cat\/ca\/terminos-y-condiciones\/#breadcrumb","itemListElement":[{"@type":"ListItem","position":1,"name":"Portada","item":"https:\/\/laforneria.cat\/ca\/"},{"@type":"ListItem","position":2,"name":"T\u00e9rminos y condiciones"}]},{"@type":"WebSite","@id":"https:\/\/laforneria.cat\/#website","url":"https:\/\/laforneria.cat\/","name":"La Forneria","description":"Panader\u00eda, Cafeter\u00eda, Catering para celebraciones","publisher":{"@id":"https:\/\/laforneria.cat\/#organization"},"potentialAction":[{"@type":"SearchAction","target":{"@type":"EntryPoint","urlTemplate":"https:\/\/laforneria.cat\/?s={search_term_string}"},"query-input":"required name=search_term_string"}],"inLanguage":"ca"},{"@type":"Organization","@id":"https:\/\/laforneria.cat\/#organization","name":"La Forneria","url":"https:\/\/laforneria.cat\/","logo":{"@type":"ImageObject","inLanguage":"ca","@id":"https:\/\/laforneria.cat\/#\/schema\/logo\/image\/","url":"https:\/\/laforneria.cat\/wp-content\/uploads\/2018\/09\/Logo_LaForneria.png","contentUrl":"https:\/\/laforneria.cat\/wp-content\/uploads\/2018\/09\/Logo_LaForneria.png","width":2427,"height":452,"caption":"La Forneria"},"image":{"@id":"https:\/\/laforneria.cat\/#\/schema\/logo\/image\/"},"sameAs":["https:\/\/www.facebook.com\/laforneriabcn\/"]}]}},"_links":{"self":[{"href":"https:\/\/laforneria.cat\/ca\/wp-json\/wp\/v2\/pages\/27036"}],"collection":[{"href":"https:\/\/laforneria.cat\/ca\/wp-json\/wp\/v2\/pages"}],"about":[{"href":"https:\/\/laforneria.cat\/ca\/wp-json\/wp\/v2\/types\/page"}],"author":[{"embeddable":true,"href":"https:\/\/laforneria.cat\/ca\/wp-json\/wp\/v2\/users\/1"}],"replies":[{"embeddable":true,"href":"https:\/\/laforneria.cat\/ca\/wp-json\/wp\/v2\/comments?post=27036"}],"version-history":[{"count":3,"href":"https:\/\/laforneria.cat\/ca\/wp-json\/wp\/v2\/pages\/27036\/revisions"}],"predecessor-version":[{"id":27045,"href":"https:\/\/laforneria.cat\/ca\/wp-json\/wp\/v2\/pages\/27036\/revisions\/27045"}],"wp:attachment":[{"href":"https:\/\/laforneria.cat\/ca\/wp-json\/wp\/v2\/media?parent=27036"}],"curies":[{"name":"wp","href":"https:\/\/api.w.org\/{rel}","templated":true}]}}