{"id":26698,"date":"2020-09-22T23:37:50","date_gmt":"2020-09-22T21:37:50","guid":{"rendered":"https:\/\/laforneria.cat\/politica-de-privacidad\/"},"modified":"2020-09-23T00:06:45","modified_gmt":"2020-09-22T22:06:45","slug":"politica-de-privacidad","status":"publish","type":"page","link":"https:\/\/laforneria.cat\/ca\/politica-de-privacidad\/","title":{"rendered":"Pol\u00edtica de Privacidad"},"content":{"rendered":"<p>[vc_row][vc_column][vc_empty_space][vc_column_text]<strong>1. Responsable<\/strong><\/p>\n<p>\u00bfQui\u00e9n es el Responsable del tratamiento de sus datos?<br \/>\nEl Responsable del tratamiento de sus datos es Padecava, S.A. (en adelante \u201cPadecava\u201d) con CIF A58179383 y su direcci\u00f3n postal y domicilio social est\u00e1 en c\/ Capit\u00e0 Arenas, 13 Barcelona &#8211; Espa\u00f1a. Su direcci\u00f3n electr\u00f3nica es <a href=\"mailto:info@laforneria.cat\">info@laforneria.cat<\/a><\/p>\n<p><strong>2. Finalidades<\/strong><\/p>\n<p>\u00bfCon qu\u00e9 finalidad tratamos sus datos personales?<br \/>\nLa finalidad del tratamiento de los datos de los Usuarios, consiste en prestar los servicios solicitados y, en general, gestionar, desarrollar y cumplir las relaciones establecidas entre Padecava y quienes aporten sus datos personales a trav\u00e9s del Sitio Web o cualquier otro medio.<\/p>\n<p>Adem\u00e1s sus datos se incluir\u00e1n en nuestras bases de datos internas y se emplear\u00e1n para mejorar nuestros productos y servicios, remitirle mailings promocionales sobre nuevos productos, pudiendo contactar con el Usuario por e-mail o tel\u00e9fono.<\/p>\n<p>Tambi\u00e9n podremos usar la informaci\u00f3n para personalizar nuestro sitio web conforme a sus intereses. Las visitas a nuestro sitio web son rastreadas de forma que podamos valorar qu\u00e9 partes de nuestra web sirven mejor a nuestros clientes y Usuarios, y mejor adaptan nuestra informaci\u00f3n a sus necesidades. No vendemos ni comerciamos con ninguna de la informaci\u00f3n que recibimos ni almacenamos.<\/p>\n<p>Adem\u00e1s, en caso de que el Usuario haya prestado su consentimiento de cara a poder participar en un concurso y\/o promoci\u00f3n, los datos ser\u00e1n tratados para la gesti\u00f3n de los mismos.<\/p>\n<p>En el caso de que los datos aportados pertenecieran a un tercero, usted garantiza que ha informado a dicho tercero de los aspectos contenidos en este documento y que ha obtenido la correspondiente autorizaci\u00f3n para facilitar sus datos a Padecava para los fines se\u00f1alados.<\/p>\n<p><strong>3. Plazo de conservaci\u00f3n de los datos<\/strong><\/p>\n<p>\u00bfPor cu\u00e1nto tiempo conservaremos sus datos?<br \/>\nSus datos ser\u00e1n conservados mientras dure la finalidad para la que fueron recogidos, la relaci\u00f3n contractual y\/o comercial que mantengamos, o hasta que solicite su supresi\u00f3n, as\u00ed como el tiempo necesario para cumplir las obligaciones legales pertinentes.<\/p>\n<p><strong>4. Legitimaci\u00f3n<\/strong><\/p>\n<p>\u00bfCu\u00e1l es la legitimaci\u00f3n para el tratamiento de sus datos?<br \/>\nLa base legal para el tratamiento de sus datos es el consentimiento expreso que usted presta al comunicarnos sus datos, siendo previamente informado de su tratamiento.<\/p>\n<p>En caso de mantener una relaci\u00f3n contractual entre usted e Padecava, la legitimaci\u00f3n para tratar sus datos se basar\u00e1 en dicha relaci\u00f3n jur\u00eddica.<\/p>\n<p>La participaci\u00f3n en los concursos y\/o promociones as\u00ed como la oferta prospectiva de productos y servicios, est\u00e1 basada en el consentimiento expreso que se le solicita, todo ello en virtud de los t\u00e9rminos y condiciones que en su caso se adopten.<\/p>\n<p><strong>5. Destinatarios<\/strong><\/p>\n<p>\u00bfA qu\u00e9 destinatarios se comunicar\u00e1n sus datos?<br \/>\nLos datos podr\u00e1n ser comunicados a las empresas asociadas a Padecava para el cumplimiento de las finalidades informadas previamente.<\/p>\n<p><strong>6. Derechos<\/strong><\/p>\n<p>\u00bfCu\u00e1les son sus derechos cuando nos facilita sus datos y c\u00f3mo puede ejercerlos?<br \/>\nCualquier persona tiene derecho a obtener informaci\u00f3n sobre si en Padecava estamos tratando datos personales que les conciernan, o no.<br \/>\nLas personas interesadas tienen derecho a acceder a sus datos personales, as\u00ed como a solicitar la rectificaci\u00f3n de los datos inexactos o, en su caso, solicitar su supresi\u00f3n cuando, entre otros motivos, los datos ya nos sean necesarios para los que fines para los que fueron recogidos.<br \/>\nEn determinadas circunstancias, los interesados podr\u00e1n solicitar la limitaci\u00f3n del tratamiento de sus datos, en cuyo caso \u00fanicamente los conservaremos para el ejercicio o la defensa de reclamaciones.<br \/>\nEn determinadas circunstancias y por motivos relacionados con su situaci\u00f3n particular, los interesados podr\u00e1n oponerse al tratamiento de sus datos. Padecava dejar\u00e1 de tratar los datos, salvo por motivos leg\u00edtimos imperiosos, o el ejercicio o la defensa de posibles reclamaciones.<br \/>\nUsted podr\u00e1 revocar su consentimiento para el tratamiento de sus datos en cualquier momento.<br \/>\nEn el caso que resulte de aplicaci\u00f3n, usted podr\u00e1 solicitad la portabilidad de sus datos.<br \/>\nEn todo caso, usted podr\u00e1 presentar una reclamaci\u00f3n ante la Agencia Espa\u00f1ola de Protecci\u00f3n de Datos especialmente cuando no haya obtenido satisfacci\u00f3n en el ejercicio de sus derechos. La direcci\u00f3n de la Agencia es c\/ Jorge Juan 6, 28001 y su p\u00e1gina web <a href=\"mailto:info@laforneria.cat\">info@laforneria.cat<\/a><\/p>\n<p><strong>7. Pol\u00edtica de Cookies<\/strong><\/p>\n<p>\u00bfQu\u00e9 cookies utilizamos?<br \/>\nPara conocer las cookies que utilizamos en esta p\u00e1gina web\/aplicaci\u00f3n m\u00f3vil, recuerde que puede acceder a nuestra Pol\u00edtica de Cookies a trav\u00e9s del siguiente inferior.[\/vc_column_text][vc_empty_space][vc_column_text]<em>Pol\u00edtica de privacidad\u00a0<\/em> &#8211;\u00a0 <a href=\"https:\/\/laforneria.cat\/ca\/aviso-legal\/\">Aviso legal<\/a>\u00a0 &#8211;\u00a0 <a href=\"https:\/\/laforneria.cat\/politica-de-cookies-ue\/\">Pol\u00edtica de cookies<\/a>[\/vc_column_text][vc_empty_space][\/vc_column][\/vc_row]<\/p>\n","protected":false},"excerpt":{"rendered":"<p>[vc_row][vc_column][vc_empty_space][vc_column_text]1. Responsable \u00bfQui\u00e9n es el Responsable del tratamiento de sus datos? El Responsable del tratamiento de sus datos es Padecava, S.A. (en adelante \u201cPadecava\u201d) con CIF A58179383 y su direcci\u00f3n postal y domicilio social est\u00e1 en c\/ Capit\u00e0 Arenas, 13 Barcelona &#8211; Espa\u00f1a. Su direcci\u00f3n&#8230;<\/p>\n","protected":false},"author":1,"featured_media":0,"parent":0,"menu_order":0,"comment_status":"closed","ping_status":"closed","template":"","meta":[],"yoast_head":"<!-- This site is optimized with the Yoast SEO plugin v20.8 - https:\/\/yoast.com\/wordpress\/plugins\/seo\/ -->\n<title>Pol\u00edtica de Privacidad - La Forneria<\/title>\n<meta name=\"robots\" content=\"index, follow, max-snippet:-1, max-image-preview:large, max-video-preview:-1\" \/>\n<link rel=\"canonical\" href=\"https:\/\/laforneria.cat\/ca\/politica-de-privacidad\/\" \/>\n<meta property=\"og:locale\" content=\"ca_ES\" \/>\n<meta property=\"og:type\" content=\"article\" \/>\n<meta property=\"og:title\" content=\"Pol\u00edtica de Privacidad - La Forneria\" \/>\n<meta property=\"og:description\" content=\"[vc_row][vc_column][vc_empty_space][vc_column_text]1. Responsable \u00bfQui\u00e9n es el Responsable del tratamiento de sus datos? El Responsable del tratamiento de sus datos es Padecava, S.A. (en adelante \u201cPadecava\u201d) con CIF A58179383 y su direcci\u00f3n postal y domicilio social est\u00e1 en c\/ Capit\u00e0 Arenas, 13 Barcelona &#8211; Espa\u00f1a. Su direcci\u00f3n...\" \/>\n<meta property=\"og:url\" content=\"https:\/\/laforneria.cat\/ca\/politica-de-privacidad\/\" \/>\n<meta property=\"og:site_name\" content=\"La Forneria\" \/>\n<meta property=\"article:publisher\" content=\"https:\/\/www.facebook.com\/laforneriabcn\/\" \/>\n<meta property=\"article:modified_time\" content=\"2020-09-22T22:06:45+00:00\" \/>\n<meta name=\"twitter:card\" content=\"summary_large_image\" \/>\n<script type=\"application\/ld+json\" class=\"yoast-schema-graph\">{\"@context\":\"https:\/\/schema.org\",\"@graph\":[{\"@type\":\"WebPage\",\"@id\":\"https:\/\/laforneria.cat\/ca\/politica-de-privacidad\/\",\"url\":\"https:\/\/laforneria.cat\/ca\/politica-de-privacidad\/\",\"name\":\"Pol\u00edtica de Privacidad - La Forneria\",\"isPartOf\":{\"@id\":\"https:\/\/laforneria.cat\/#website\"},\"datePublished\":\"2020-09-22T21:37:50+00:00\",\"dateModified\":\"2020-09-22T22:06:45+00:00\",\"breadcrumb\":{\"@id\":\"https:\/\/laforneria.cat\/ca\/politica-de-privacidad\/#breadcrumb\"},\"inLanguage\":\"ca\",\"potentialAction\":[{\"@type\":\"ReadAction\",\"target\":[\"https:\/\/laforneria.cat\/ca\/politica-de-privacidad\/\"]}]},{\"@type\":\"BreadcrumbList\",\"@id\":\"https:\/\/laforneria.cat\/ca\/politica-de-privacidad\/#breadcrumb\",\"itemListElement\":[{\"@type\":\"ListItem\",\"position\":1,\"name\":\"Portada\",\"item\":\"https:\/\/laforneria.cat\/ca\/\"},{\"@type\":\"ListItem\",\"position\":2,\"name\":\"Pol\u00edtica de Privacidad\"}]},{\"@type\":\"WebSite\",\"@id\":\"https:\/\/laforneria.cat\/#website\",\"url\":\"https:\/\/laforneria.cat\/\",\"name\":\"La Forneria\",\"description\":\"Panader\u00eda, Cafeter\u00eda, Catering para celebraciones\",\"publisher\":{\"@id\":\"https:\/\/laforneria.cat\/#organization\"},\"potentialAction\":[{\"@type\":\"SearchAction\",\"target\":{\"@type\":\"EntryPoint\",\"urlTemplate\":\"https:\/\/laforneria.cat\/?s={search_term_string}\"},\"query-input\":\"required name=search_term_string\"}],\"inLanguage\":\"ca\"},{\"@type\":\"Organization\",\"@id\":\"https:\/\/laforneria.cat\/#organization\",\"name\":\"La Forneria\",\"url\":\"https:\/\/laforneria.cat\/\",\"logo\":{\"@type\":\"ImageObject\",\"inLanguage\":\"ca\",\"@id\":\"https:\/\/laforneria.cat\/#\/schema\/logo\/image\/\",\"url\":\"https:\/\/laforneria.cat\/wp-content\/uploads\/2018\/09\/Logo_LaForneria.png\",\"contentUrl\":\"https:\/\/laforneria.cat\/wp-content\/uploads\/2018\/09\/Logo_LaForneria.png\",\"width\":2427,\"height\":452,\"caption\":\"La Forneria\"},\"image\":{\"@id\":\"https:\/\/laforneria.cat\/#\/schema\/logo\/image\/\"},\"sameAs\":[\"https:\/\/www.facebook.com\/laforneriabcn\/\"]}]}<\/script>\n<!-- \/ Yoast SEO plugin. -->","yoast_head_json":{"title":"Pol\u00edtica de Privacidad - La Forneria","robots":{"index":"index","follow":"follow","max-snippet":"max-snippet:-1","max-image-preview":"max-image-preview:large","max-video-preview":"max-video-preview:-1"},"canonical":"https:\/\/laforneria.cat\/ca\/politica-de-privacidad\/","og_locale":"ca_ES","og_type":"article","og_title":"Pol\u00edtica de Privacidad - La Forneria","og_description":"[vc_row][vc_column][vc_empty_space][vc_column_text]1. Responsable \u00bfQui\u00e9n es el Responsable del tratamiento de sus datos? El Responsable del tratamiento de sus datos es Padecava, S.A. (en adelante \u201cPadecava\u201d) con CIF A58179383 y su direcci\u00f3n postal y domicilio social est\u00e1 en c\/ Capit\u00e0 Arenas, 13 Barcelona &#8211; Espa\u00f1a. Su direcci\u00f3n...","og_url":"https:\/\/laforneria.cat\/ca\/politica-de-privacidad\/","og_site_name":"La Forneria","article_publisher":"https:\/\/www.facebook.com\/laforneriabcn\/","article_modified_time":"2020-09-22T22:06:45+00:00","twitter_card":"summary_large_image","schema":{"@context":"https:\/\/schema.org","@graph":[{"@type":"WebPage","@id":"https:\/\/laforneria.cat\/ca\/politica-de-privacidad\/","url":"https:\/\/laforneria.cat\/ca\/politica-de-privacidad\/","name":"Pol\u00edtica de Privacidad - La Forneria","isPartOf":{"@id":"https:\/\/laforneria.cat\/#website"},"datePublished":"2020-09-22T21:37:50+00:00","dateModified":"2020-09-22T22:06:45+00:00","breadcrumb":{"@id":"https:\/\/laforneria.cat\/ca\/politica-de-privacidad\/#breadcrumb"},"inLanguage":"ca","potentialAction":[{"@type":"ReadAction","target":["https:\/\/laforneria.cat\/ca\/politica-de-privacidad\/"]}]},{"@type":"BreadcrumbList","@id":"https:\/\/laforneria.cat\/ca\/politica-de-privacidad\/#breadcrumb","itemListElement":[{"@type":"ListItem","position":1,"name":"Portada","item":"https:\/\/laforneria.cat\/ca\/"},{"@type":"ListItem","position":2,"name":"Pol\u00edtica de Privacidad"}]},{"@type":"WebSite","@id":"https:\/\/laforneria.cat\/#website","url":"https:\/\/laforneria.cat\/","name":"La Forneria","description":"Panader\u00eda, Cafeter\u00eda, Catering para celebraciones","publisher":{"@id":"https:\/\/laforneria.cat\/#organization"},"potentialAction":[{"@type":"SearchAction","target":{"@type":"EntryPoint","urlTemplate":"https:\/\/laforneria.cat\/?s={search_term_string}"},"query-input":"required name=search_term_string"}],"inLanguage":"ca"},{"@type":"Organization","@id":"https:\/\/laforneria.cat\/#organization","name":"La Forneria","url":"https:\/\/laforneria.cat\/","logo":{"@type":"ImageObject","inLanguage":"ca","@id":"https:\/\/laforneria.cat\/#\/schema\/logo\/image\/","url":"https:\/\/laforneria.cat\/wp-content\/uploads\/2018\/09\/Logo_LaForneria.png","contentUrl":"https:\/\/laforneria.cat\/wp-content\/uploads\/2018\/09\/Logo_LaForneria.png","width":2427,"height":452,"caption":"La Forneria"},"image":{"@id":"https:\/\/laforneria.cat\/#\/schema\/logo\/image\/"},"sameAs":["https:\/\/www.facebook.com\/laforneriabcn\/"]}]}},"_links":{"self":[{"href":"https:\/\/laforneria.cat\/ca\/wp-json\/wp\/v2\/pages\/26698"}],"collection":[{"href":"https:\/\/laforneria.cat\/ca\/wp-json\/wp\/v2\/pages"}],"about":[{"href":"https:\/\/laforneria.cat\/ca\/wp-json\/wp\/v2\/types\/page"}],"author":[{"embeddable":true,"href":"https:\/\/laforneria.cat\/ca\/wp-json\/wp\/v2\/users\/1"}],"replies":[{"embeddable":true,"href":"https:\/\/laforneria.cat\/ca\/wp-json\/wp\/v2\/comments?post=26698"}],"version-history":[{"count":0,"href":"https:\/\/laforneria.cat\/ca\/wp-json\/wp\/v2\/pages\/26698\/revisions"}],"wp:attachment":[{"href":"https:\/\/laforneria.cat\/ca\/wp-json\/wp\/v2\/media?parent=26698"}],"curies":[{"name":"wp","href":"https:\/\/api.w.org\/{rel}","templated":true}]}}