{"id":14216,"date":"2017-01-17T15:22:50","date_gmt":"2017-01-17T14:22:50","guid":{"rendered":"http:\/\/www.laforneria.cat\/\/contacto\/"},"modified":"2023-04-13T16:11:33","modified_gmt":"2023-04-13T14:11:33","slug":"contacte","status":"publish","type":"page","link":"https:\/\/laforneria.cat\/ca\/contacte\/","title":{"rendered":"Contacte"},"content":{"rendered":"<p>[vc_row][vc_column][vc_empty_space height=&#8221;96px&#8221;][\/vc_column][\/vc_row][vc_row][vc_column width=&#8221;1\/6&#8243;][\/vc_column][vc_column width=&#8221;2\/3&#8243;][vc_row_inner][vc_column_inner width=&#8221;2\/3&#8243;][vc_column_text]<\/p>\n<h2>Escriu-nos<\/h2>\n<p>[\/vc_column_text][vc_empty_space height=&#8221;16px&#8221;]<div class=\"edgtf-separator-holder clearfix  edgtf-separator-left\">\n\t<div class=\"edgtf-separator\" style=\"width: 120px;border-bottom-width: 3px\"><\/div>\n<\/div>\n[vc_empty_space][vc_column_text]T&#8217;agradaria fer una comanda personalitzada per a un esdeveniment o celebraci\u00f3? Tens alguna altra consulta o petici\u00f3? Contacta&#8217;ns i estarem encantats d&#8217;ajudar-te a que la teva trobada sigui tot un \u00e8xit![\/vc_column_text][vc_empty_space height=&#8221;64px&#8221;][\/vc_column_inner][vc_column_inner width=&#8221;1\/3&#8243;][\/vc_column_inner][\/vc_row_inner][vc_row_inner][vc_column_inner width=&#8221;2\/3&#8243;]\n<div class=\"wpcf7 no-js\" id=\"wpcf7-f14302-o1\" lang=\"en-US\" dir=\"ltr\">\n<div class=\"screen-reader-response\"><p role=\"status\" aria-live=\"polite\" aria-atomic=\"true\"><\/p> <ul><\/ul><\/div>\n<form action=\"\/ca\/wp-json\/wp\/v2\/pages\/14216#wpcf7-f14302-o1\" method=\"post\" class=\"wpcf7-form init\" aria-label=\"Contact form\" novalidate=\"novalidate\" data-status=\"init\">\n<div style=\"display: none;\">\n<input type=\"hidden\" name=\"_wpcf7\" value=\"14302\" \/>\n<input type=\"hidden\" name=\"_wpcf7_version\" value=\"5.7.7\" \/>\n<input type=\"hidden\" name=\"_wpcf7_locale\" value=\"en_US\" \/>\n<input type=\"hidden\" name=\"_wpcf7_unit_tag\" value=\"wpcf7-f14302-o1\" \/>\n<input type=\"hidden\" name=\"_wpcf7_container_post\" value=\"0\" \/>\n<input type=\"hidden\" name=\"_wpcf7_posted_data_hash\" value=\"\" \/>\n<input type=\"hidden\" name=\"_wpcf7_recaptcha_response\" value=\"\" \/>\n<\/div>\n<div>\n\t<p><span class=\"wpcf7-form-control-wrap\" data-name=\"your-name\"><input size=\"40\" class=\"wpcf7-form-control wpcf7-text wpcf7-validates-as-required\" aria-required=\"true\" aria-invalid=\"false\" placeholder=\"El teu nom\" value=\"\" type=\"text\" name=\"your-name\" \/><\/span>\n\t<\/p>\n<\/div>\n<div>\n\t<p><span class=\"wpcf7-form-control-wrap\" data-name=\"your-email\"><input size=\"40\" class=\"wpcf7-form-control wpcf7-text wpcf7-email wpcf7-validates-as-required wpcf7-validates-as-email\" aria-required=\"true\" aria-invalid=\"false\" placeholder=\"Correu electr\u00f2nic\" value=\"\" type=\"email\" name=\"your-email\" \/><\/span>\n\t<\/p>\n<\/div>\n<div>\n\t<p><span class=\"wpcf7-form-control-wrap\" data-name=\"your-message\"><textarea cols=\"40\" rows=\"10\" class=\"wpcf7-form-control wpcf7-textarea\" aria-invalid=\"false\" placeholder=\"El teu missatge\" name=\"your-message\"><\/textarea><\/span>\n\t<\/p>\n<\/div>\n<p><span class=\"wpcf7-form-control-wrap\" data-name=\"acceptance-962\"><span class=\"wpcf7-form-control wpcf7-acceptance\"><span class=\"wpcf7-list-item\"><label><input type=\"checkbox\" name=\"acceptance-962\" value=\"1\" aria-invalid=\"false\" \/><span class=\"wpcf7-list-item-label\">He llegit i accepto l'<a href=\"https:\/\/laforneria.cat\/ca\/aviso-legal\/\">av\u00eds legal<\/a> i la <a href=\"https:\/\/laforneria.cat\/ca\/politica-de-privacidad\/\">pol\u00edtica de privacitat<\/a><\/span><\/label><\/span><\/span><\/span>\n<\/p>\n<span class=\"wpcf7-form-control-wrap recaptcha\" data-name=\"recaptcha\"><span data-sitekey=\"6LdW158aAAAAAGELcnmMT1R9cwm9DtieNcxaNTyE\" class=\"wpcf7-form-control g-recaptcha wpcf7-recaptcha\"><\/span>\r\n<noscript>\r\n\t<div class=\"grecaptcha-noscript\">\r\n\t\t<iframe src=\"https:\/\/www.google.com\/recaptcha\/api\/fallback?k=6LdW158aAAAAAGELcnmMT1R9cwm9DtieNcxaNTyE\" frameborder=\"0\" scrolling=\"no\" width=\"310\" height=\"430\">\r\n\t\t<\/iframe>\r\n\t\t<textarea name=\"g-recaptcha-response\" rows=\"3\" cols=\"40\" placeholder=\"reCaptcha Response Here\">\r\n\t\t<\/textarea>\r\n\t<\/div>\r\n<\/noscript>\r\n<\/span>\n<div class=\"edgtf-cf7-submit-right\">\n\t<p><input class=\"wpcf7-form-control has-spinner wpcf7-submit\" type=\"submit\" value=\"Enviar\" \/>\n\t<\/p>\n<\/div><input type='hidden' class='wpcf7-pum' value='{\"closepopup\":false,\"closedelay\":0,\"openpopup\":false,\"openpopup_id\":0}' \/><div class=\"wpcf7-response-output\" aria-hidden=\"true\"><\/div>\n<\/form>\n<\/div>\n[\/vc_column_inner][vc_column_inner width=&#8221;1\/3&#8243; el_id=&#8221;contact_info&#8221;][vc_column_text]<\/p>\n<h2>Central<\/h2>\n<p>[\/vc_column_text][vc_empty_space height=&#8221;16px&#8221;]<div class=\"edgtf-separator-holder clearfix  edgtf-separator-left\">\n\t<div class=\"edgtf-separator\" style=\"width: 120px;border-bottom-width: 3px\"><\/div>\n<\/div>\n[vc_empty_space]<div class=\"edgtf-iwt clearfix edgtf-iwt-icon-left edgtf-iwt-icon-tiny\">\n    <div class=\"edgtf-iwt-icon-holder\">\n                    \n    <span class=\"edgtf-icon-shortcode normal\"  data-color=\"#cf9152\">\n        \n        <span aria-hidden=\"true\" class=\"edgtf-icon-font-elegant icon_pin edgtf-icon-element\" style=\"color: #cf9152;font-size:25px\" ><\/span>\n            <\/span>\n\n            <\/div>\n    <div class=\"edgtf-iwt-content-holder\" >\n        <div class=\"edgtf-iwt-title-holder\">\n            <h4 >Adre\u00e7a<\/h4>\n        <\/div>\n        <div class=\"edgtf-iwt-text-holder\">\n            <p >Carrer del Capit\u00e0 Arenas, 13<br \/>\n08034 - Barcelona<\/p>\n\n                    <\/div>\n    <\/div>\n<\/div>[vc_empty_space]<div class=\"edgtf-iwt clearfix edgtf-iwt-icon-left edgtf-iwt-icon-tiny\">\n    <div class=\"edgtf-iwt-icon-holder\">\n                    \n    <span class=\"edgtf-icon-shortcode normal\"  data-color=\"#cf9152\">\n        \n        <i class=\"edgtf-icon-linear-icon lnr lnr-phone-handset edgtf-icon-element\" style=\"color: #cf9152;font-size:25px\" ><\/i>\n            <\/span>\n\n            <\/div>\n    <div class=\"edgtf-iwt-content-holder\" >\n        <div class=\"edgtf-iwt-title-holder\">\n            <h4 >Tel\u00e8fon<\/h4>\n        <\/div>\n        <div class=\"edgtf-iwt-text-holder\">\n            <p >Tel: +34 932 03 65 80<br \/>\nFax: +34 93 203 65 82<\/p>\n\n                    <\/div>\n    <\/div>\n<\/div>[vc_empty_space]<div class=\"edgtf-iwt clearfix edgtf-iwt-icon-left edgtf-iwt-icon-tiny\">\n    <div class=\"edgtf-iwt-icon-holder\">\n                    \n    <span class=\"edgtf-icon-shortcode normal\"  data-color=\"#cf9152\">\n        \n        <i class=\"edgtf-icon-linear-icon lnr lnr-envelope edgtf-icon-element\" style=\"color: #cf9152;font-size:25px\" ><\/i>\n            <\/span>\n\n            <\/div>\n    <div class=\"edgtf-iwt-content-holder\" >\n        <div class=\"edgtf-iwt-title-holder\">\n            <h4 >Email<\/h4>\n        <\/div>\n        <div class=\"edgtf-iwt-text-holder\">\n            <p >info@laforneria.cat<\/p>\n\n                    <\/div>\n    <\/div>\n<\/div>[\/vc_column_inner][\/vc_row_inner][\/vc_column][vc_column width=&#8221;1\/6&#8243;][\/vc_column][\/vc_row][vc_row][vc_column][vc_empty_space height=&#8221;64px&#8221;][\/vc_column][\/vc_row]<\/p>\n","protected":false},"excerpt":{"rendered":"<p>[vc_row][vc_column][vc_empty_space height=&#8221;96px&#8221;][\/vc_column][\/vc_row][vc_row][vc_column width=&#8221;1\/6&#8243;][\/vc_column][vc_column width=&#8221;2\/3&#8243;][vc_row_inner][vc_column_inner width=&#8221;2\/3&#8243;][vc_column_text] Escriu-nos [\/vc_column_text][vc_empty_space height=&#8221;16px&#8221;][vc_empty_space][vc_column_text]T&#8217;agradaria fer una comanda personalitzada per a un esdeveniment o celebraci\u00f3? Tens alguna altra consulta o petici\u00f3? Contacta&#8217;ns i estarem encantats d&#8217;ajudar-te a que la teva trobada sigui tot un \u00e8xit![\/vc_column_text][vc_empty_space height=&#8221;64px&#8221;][\/vc_column_inner][vc_column_inner width=&#8221;1\/3&#8243;][\/vc_column_inner][\/vc_row_inner][vc_row_inner][vc_column_inner width=&#8221;2\/3&#8243;][\/vc_column_inner][vc_column_inner width=&#8221;1\/3&#8243; el_id=&#8221;contact_info&#8221;][vc_column_text] Central [\/vc_column_text][vc_empty_space&#8230;<\/p>\n","protected":false},"author":1,"featured_media":0,"parent":0,"menu_order":0,"comment_status":"closed","ping_status":"closed","template":"full-width.php","meta":[],"yoast_head":"<!-- This site is optimized with the Yoast SEO plugin v20.8 - https:\/\/yoast.com\/wordpress\/plugins\/seo\/ -->\n<title>Contacte |\u00a0La Forneria<\/title>\n<meta name=\"description\" content=\"Posa&#039;t en contacte amb nosaltres per a fer una comanda personalitzada, descobrir les nostres novetats o fer-nos qualsevol altra consulta.\" \/>\n<meta name=\"robots\" content=\"index, follow, max-snippet:-1, max-image-preview:large, max-video-preview:-1\" \/>\n<link rel=\"canonical\" href=\"https:\/\/laforneria.cat\/ca\/contacte\/\" \/>\n<meta property=\"og:locale\" content=\"ca_ES\" \/>\n<meta property=\"og:type\" content=\"article\" \/>\n<meta property=\"og:title\" content=\"Contacte |\u00a0La Forneria\" \/>\n<meta property=\"og:description\" content=\"Posa&#039;t en contacte amb nosaltres per a fer una comanda personalitzada, descobrir les nostres novetats o fer-nos qualsevol altra consulta.\" \/>\n<meta property=\"og:url\" content=\"https:\/\/laforneria.cat\/ca\/contacte\/\" \/>\n<meta property=\"og:site_name\" content=\"La Forneria\" \/>\n<meta property=\"article:publisher\" content=\"https:\/\/www.facebook.com\/laforneriabcn\/\" \/>\n<meta property=\"article:modified_time\" content=\"2023-04-13T14:11:33+00:00\" \/>\n<meta name=\"twitter:card\" content=\"summary_large_image\" \/>\n<script type=\"application\/ld+json\" class=\"yoast-schema-graph\">{\"@context\":\"https:\/\/schema.org\",\"@graph\":[{\"@type\":\"WebPage\",\"@id\":\"https:\/\/laforneria.cat\/ca\/contacte\/\",\"url\":\"https:\/\/laforneria.cat\/ca\/contacte\/\",\"name\":\"Contacte |\u00a0La Forneria\",\"isPartOf\":{\"@id\":\"https:\/\/laforneria.cat\/#website\"},\"datePublished\":\"2017-01-17T14:22:50+00:00\",\"dateModified\":\"2023-04-13T14:11:33+00:00\",\"description\":\"Posa't en contacte amb nosaltres per a fer una comanda personalitzada, descobrir les nostres novetats o fer-nos qualsevol altra consulta.\",\"breadcrumb\":{\"@id\":\"https:\/\/laforneria.cat\/ca\/contacte\/#breadcrumb\"},\"inLanguage\":\"ca\",\"potentialAction\":[{\"@type\":\"ReadAction\",\"target\":[\"https:\/\/laforneria.cat\/ca\/contacte\/\"]}]},{\"@type\":\"BreadcrumbList\",\"@id\":\"https:\/\/laforneria.cat\/ca\/contacte\/#breadcrumb\",\"itemListElement\":[{\"@type\":\"ListItem\",\"position\":1,\"name\":\"Portada\",\"item\":\"https:\/\/laforneria.cat\/ca\/\"},{\"@type\":\"ListItem\",\"position\":2,\"name\":\"Contacte\"}]},{\"@type\":\"WebSite\",\"@id\":\"https:\/\/laforneria.cat\/#website\",\"url\":\"https:\/\/laforneria.cat\/\",\"name\":\"La Forneria\",\"description\":\"Panader\u00eda, Cafeter\u00eda, Catering para celebraciones\",\"publisher\":{\"@id\":\"https:\/\/laforneria.cat\/#organization\"},\"potentialAction\":[{\"@type\":\"SearchAction\",\"target\":{\"@type\":\"EntryPoint\",\"urlTemplate\":\"https:\/\/laforneria.cat\/?s={search_term_string}\"},\"query-input\":\"required name=search_term_string\"}],\"inLanguage\":\"ca\"},{\"@type\":\"Organization\",\"@id\":\"https:\/\/laforneria.cat\/#organization\",\"name\":\"La Forneria\",\"url\":\"https:\/\/laforneria.cat\/\",\"logo\":{\"@type\":\"ImageObject\",\"inLanguage\":\"ca\",\"@id\":\"https:\/\/laforneria.cat\/#\/schema\/logo\/image\/\",\"url\":\"https:\/\/laforneria.cat\/wp-content\/uploads\/2018\/09\/Logo_LaForneria.png\",\"contentUrl\":\"https:\/\/laforneria.cat\/wp-content\/uploads\/2018\/09\/Logo_LaForneria.png\",\"width\":2427,\"height\":452,\"caption\":\"La Forneria\"},\"image\":{\"@id\":\"https:\/\/laforneria.cat\/#\/schema\/logo\/image\/\"},\"sameAs\":[\"https:\/\/www.facebook.com\/laforneriabcn\/\"]}]}<\/script>\n<!-- \/ Yoast SEO plugin. -->","yoast_head_json":{"title":"Contacte |\u00a0La Forneria","description":"Posa't en contacte amb nosaltres per a fer una comanda personalitzada, descobrir les nostres novetats o fer-nos qualsevol altra consulta.","robots":{"index":"index","follow":"follow","max-snippet":"max-snippet:-1","max-image-preview":"max-image-preview:large","max-video-preview":"max-video-preview:-1"},"canonical":"https:\/\/laforneria.cat\/ca\/contacte\/","og_locale":"ca_ES","og_type":"article","og_title":"Contacte |\u00a0La Forneria","og_description":"Posa't en contacte amb nosaltres per a fer una comanda personalitzada, descobrir les nostres novetats o fer-nos qualsevol altra consulta.","og_url":"https:\/\/laforneria.cat\/ca\/contacte\/","og_site_name":"La Forneria","article_publisher":"https:\/\/www.facebook.com\/laforneriabcn\/","article_modified_time":"2023-04-13T14:11:33+00:00","twitter_card":"summary_large_image","schema":{"@context":"https:\/\/schema.org","@graph":[{"@type":"WebPage","@id":"https:\/\/laforneria.cat\/ca\/contacte\/","url":"https:\/\/laforneria.cat\/ca\/contacte\/","name":"Contacte |\u00a0La Forneria","isPartOf":{"@id":"https:\/\/laforneria.cat\/#website"},"datePublished":"2017-01-17T14:22:50+00:00","dateModified":"2023-04-13T14:11:33+00:00","description":"Posa't en contacte amb nosaltres per a fer una comanda personalitzada, descobrir les nostres novetats o fer-nos qualsevol altra consulta.","breadcrumb":{"@id":"https:\/\/laforneria.cat\/ca\/contacte\/#breadcrumb"},"inLanguage":"ca","potentialAction":[{"@type":"ReadAction","target":["https:\/\/laforneria.cat\/ca\/contacte\/"]}]},{"@type":"BreadcrumbList","@id":"https:\/\/laforneria.cat\/ca\/contacte\/#breadcrumb","itemListElement":[{"@type":"ListItem","position":1,"name":"Portada","item":"https:\/\/laforneria.cat\/ca\/"},{"@type":"ListItem","position":2,"name":"Contacte"}]},{"@type":"WebSite","@id":"https:\/\/laforneria.cat\/#website","url":"https:\/\/laforneria.cat\/","name":"La Forneria","description":"Panader\u00eda, Cafeter\u00eda, Catering para celebraciones","publisher":{"@id":"https:\/\/laforneria.cat\/#organization"},"potentialAction":[{"@type":"SearchAction","target":{"@type":"EntryPoint","urlTemplate":"https:\/\/laforneria.cat\/?s={search_term_string}"},"query-input":"required name=search_term_string"}],"inLanguage":"ca"},{"@type":"Organization","@id":"https:\/\/laforneria.cat\/#organization","name":"La Forneria","url":"https:\/\/laforneria.cat\/","logo":{"@type":"ImageObject","inLanguage":"ca","@id":"https:\/\/laforneria.cat\/#\/schema\/logo\/image\/","url":"https:\/\/laforneria.cat\/wp-content\/uploads\/2018\/09\/Logo_LaForneria.png","contentUrl":"https:\/\/laforneria.cat\/wp-content\/uploads\/2018\/09\/Logo_LaForneria.png","width":2427,"height":452,"caption":"La Forneria"},"image":{"@id":"https:\/\/laforneria.cat\/#\/schema\/logo\/image\/"},"sameAs":["https:\/\/www.facebook.com\/laforneriabcn\/"]}]}},"_links":{"self":[{"href":"https:\/\/laforneria.cat\/ca\/wp-json\/wp\/v2\/pages\/14216"}],"collection":[{"href":"https:\/\/laforneria.cat\/ca\/wp-json\/wp\/v2\/pages"}],"about":[{"href":"https:\/\/laforneria.cat\/ca\/wp-json\/wp\/v2\/types\/page"}],"author":[{"embeddable":true,"href":"https:\/\/laforneria.cat\/ca\/wp-json\/wp\/v2\/users\/1"}],"replies":[{"embeddable":true,"href":"https:\/\/laforneria.cat\/ca\/wp-json\/wp\/v2\/comments?post=14216"}],"version-history":[{"count":5,"href":"https:\/\/laforneria.cat\/ca\/wp-json\/wp\/v2\/pages\/14216\/revisions"}],"predecessor-version":[{"id":28076,"href":"https:\/\/laforneria.cat\/ca\/wp-json\/wp\/v2\/pages\/14216\/revisions\/28076"}],"wp:attachment":[{"href":"https:\/\/laforneria.cat\/ca\/wp-json\/wp\/v2\/media?parent=14216"}],"curies":[{"name":"wp","href":"https:\/\/api.w.org\/{rel}","templated":true}]}}